{"id":1809,"date":"2025-06-22T05:54:41","date_gmt":"2025-06-22T05:54:41","guid":{"rendered":"https:\/\/kamadozona.eu\/?page_id=1809"},"modified":"2025-07-08T13:07:48","modified_gmt":"2025-07-08T13:07:48","slug":"katalogas-2","status":"publish","type":"page","link":"https:\/\/kamadozona.eu\/lt\/katalogas-2\/","title":{"rendered":"Katalogas"},"content":{"rendered":"<div data-elementor-type=\"wp-page\" data-elementor-id=\"1809\" class=\"elementor elementor-1809\" data-elementor-post-type=\"page\">\n\t\t\t\t<div class=\"elementor-element elementor-element-b34c051 e-flex e-con-boxed e-con e-parent\" data-id=\"b34c051\" data-element_type=\"container\" data-e-type=\"container\">\n\t\t\t\t\t<div class=\"e-con-inner\">\n\t\t\t\t<div class=\"elementor-element elementor-element-b108397 elementor-widget elementor-widget-image\" data-id=\"b108397\" data-element_type=\"widget\" data-e-type=\"widget\" data-widget_type=\"image.default\">\n\t\t\t\t<div class=\"elementor-widget-container\">\n\t\t\t\t\t\t\t\t\t\t\t\t\t\t\t<img fetchpriority=\"high\" decoding=\"async\" width=\"800\" height=\"550\" src=\"https:\/\/kamadozona.eu\/wp-content\/uploads\/2025\/06\/IMG_1874-1024x704.jpeg\" class=\"attachment-large size-large wp-image-1811\" alt=\"\" srcset=\"https:\/\/kamadozona.eu\/wp-content\/uploads\/2025\/06\/IMG_1874-1024x704.jpeg 1024w, https:\/\/kamadozona.eu\/wp-content\/uploads\/2025\/06\/IMG_1874-300x206.jpeg 300w, https:\/\/kamadozona.eu\/wp-content\/uploads\/2025\/06\/IMG_1874-768x528.jpeg 768w, https:\/\/kamadozona.eu\/wp-content\/uploads\/2025\/06\/IMG_1874-1536x1055.jpeg 1536w, https:\/\/kamadozona.eu\/wp-content\/uploads\/2025\/06\/IMG_1874-2048x1407.jpeg 2048w, https:\/\/kamadozona.eu\/wp-content\/uploads\/2025\/06\/IMG_1874-18x12.jpeg 18w, https:\/\/kamadozona.eu\/wp-content\/uploads\/2025\/06\/IMG_1874-600x412.jpeg 600w\" sizes=\"(max-width: 800px) 100vw, 800px\" \/>\t\t\t\t\t\t\t\t\t\t\t\t\t\t\t<\/div>\n\t\t\t\t<\/div>\n\t\t\t\t\t<\/div>\n\t\t\t\t<\/div>\n\t\t<div class=\"elementor-element elementor-element-f59d38c e-flex e-con-boxed e-con e-parent\" data-id=\"f59d38c\" data-element_type=\"container\" data-e-type=\"container\">\n\t\t\t\t\t<div class=\"e-con-inner\">\n\t\t\t\t<div class=\"elementor-element elementor-element-15d973f elementor-widget elementor-widget-text-editor\" data-id=\"15d973f\" data-element_type=\"widget\" data-e-type=\"widget\" data-widget_type=\"text-editor.default\">\n\t\t\t\t<div class=\"elementor-widget-container\">\n\t\t\t\t\t\t\t\t\t<p id=\"tw-target-text\" class=\"tw-data-text tw-text-large tw-ta\" dir=\"ltr\" data-placeholder=\"Translation\" data-ved=\"2ahUKEwjiksHCpYSOAxULc_EDHePBL40Q3ewLegQICRAU\" aria-label=\"Translated text: Ie\u0161kote i\u0161skirtin\u0117s lauko virtuv\u0117s?\"><strong><span class=\"Y2IQFc\" lang=\"lt\">Ie\u0161kote i\u0161skirtin\u0117s lauko virtuv\u0117s?<\/span><\/strong><\/p><div class=\"oSioSc\"><div id=\"tw-target\"><div id=\"kAz1tf\" class=\"g9WsWb PZPZlf\" data-attrid=\"tw-targetArea\" data-entityname=\"Google Translate\"><div id=\"tw-target-text-container\" class=\"tw-ta-container tw-nfl\" tabindex=\"0\" role=\"text\"><p id=\"tw-target-text\" class=\"tw-data-text tw-text-large tw-ta\" dir=\"ltr\" data-placeholder=\"Translation\" data-ved=\"2ahUKEwjiksHCpYSOAxULc_EDHePBL40Q3ewLegQICRAU\" aria-label=\"Translated text: Atraskite m\u016bs\u0173 katalog\u0105 \u2013 modernius sprendimus maisto gaminimui lauke: dujin\u0117s kepsnin\u0117s, keramin\u0117s kepsnin\u0117s, stilingas dizainas ir apgalvotos detal\u0117s.\">Atraskite m\u016bs\u0173 katalog\u0105 \u2013 modernius sprendimus maisto gaminimui lauke: dujin\u0117s kepsnin\u0117s, keramin\u0117s kepsnin\u0117s, stilingas dizainas ir apgalvotos detal\u0117s.<\/p><\/div><\/div><\/div><\/div><p>\u012eveskite savo el. pa\u0161to adres\u0105 ir atsisi\u0173skite katalog\u0105 su skirtingais modeliais ir kainomis!<\/p>\t\t\t\t\t\t\t\t<\/div>\n\t\t\t\t<\/div>\n\t\t\t\t\t<\/div>\n\t\t\t\t<\/div>\n\t\t<div class=\"elementor-element elementor-element-c32d5ae e-flex e-con-boxed e-con e-parent\" data-id=\"c32d5ae\" data-element_type=\"container\" data-e-type=\"container\">\n\t\t\t\t\t<div class=\"e-con-inner\">\n\t\t\t\t<div class=\"elementor-element elementor-element-d3888bc elementor-widget elementor-widget-shortcode\" data-id=\"d3888bc\" data-element_type=\"widget\" data-e-type=\"widget\" data-widget_type=\"shortcode.default\">\n\t\t\t\t<div class=\"elementor-widget-container\">\n\t\t\t\t\t\t\t<div class=\"elementor-shortcode\">\n\t\t\t<form id=\"sib_signup_form_5\" method=\"post\" class=\"sib_signup_form\" action=\"\">\n\t\t\t\t<div class=\"sib_loader\" style=\"display:none;\"><img\n\t\t\t\t\t\t\tsrc=\"https:\/\/kamadozona.eu\/wp-includes\/images\/spinner.gif\" alt=\"loader\"><\/div>\n\t\t\t\t<input type=\"hidden\" name=\"sib_form_action\" value=\"subscribe_form_submit\">\n\t\t\t\t<input type=\"hidden\" name=\"sib_form_id\" value=\"5\">\n                <input type=\"hidden\" name=\"sib_form_alert_notice\" value=\"Please fill out this field\">\n                <input type=\"hidden\" name=\"sib_form_invalid_email_notice\" value=\"Your email address is invalid\">\n                <input type=\"hidden\" name=\"sib_security\" value=\"369e63592d\">\n\t\t\t\t<div class=\"sib_signup_box_inside_5\">\n\t\t\t\t\t<div style=\"\/*display:none*\/\" class=\"sib_msg_disp\">\n\t\t\t\t\t<\/div>\n                    \t\t\t\t\t<p class=\"sib-email-area full-width\">\r\n    <input placeholder=\"J\u016bs\u0173 el. pa\u0161tas\" type=\"email\" class=\"sib-email-area elementor-field elementor-field-textual\" name=\"email\" required=\"required\">\r\n<\/p>\r\n<p>\r\n    <input type=\"submit\" class=\"elementor-button sib-default-btn full-width\" value=\"Atsisi\u0173sti\">\r\n<\/p>\r\n\r\n\t\t\t\t<\/div>\n\t\t\t<input type=\"hidden\" name=\"trp-form-language\" value=\"lt\"\/><\/form>\n\t\t\t<style>\n\t\t\t\t.sib-email-area { width:90%;} .full-width { width:100% !important;}form#sib_signup_form_5 p.sib-alert-message {\n    padding: 6px 12px;\n    margin-bottom: 20px;\n    border: 1px solid transparent;\n    border-radius: 4px;\n    -webkit-box-sizing: border-box;\n    -moz-box-sizing: border-box;\n    box-sizing: border-box;\n}\nform#sib_signup_form_5 p.sib-alert-message-error {\n    background-color: #f2dede;\n    border-color: #ebccd1;\n    color: #a94442;\n}\nform#sib_signup_form_5 p.sib-alert-message-success {\n    background-color: #dff0d8;\n    border-color: #d6e9c6;\n    color: #3c763d;\n}\nform#sib_signup_form_5 p.sib-alert-message-warning {\n    background-color: #fcf8e3;\n    border-color: #faebcc;\n    color: #8a6d3b;\n}\n\t\t\t<\/style>\n\t\t\t<\/div>\n\t\t\t\t\t\t<\/div>\n\t\t\t\t<\/div>\n\t\t\t\t\t<\/div>\n\t\t\t\t<\/div>\n\t\t<div class=\"elementor-element elementor-element-1c0073e e-flex e-con-boxed e-con e-parent\" data-id=\"1c0073e\" data-element_type=\"container\" data-e-type=\"container\">\n\t\t\t\t\t<div class=\"e-con-inner\">\n\t\t\t\t<div class=\"elementor-element elementor-element-3e9dc86 elementor-widget elementor-widget-html\" data-id=\"3e9dc86\" data-element_type=\"widget\" data-e-type=\"widget\" data-widget_type=\"html.default\">\n\t\t\t\t<div class=\"elementor-widget-container\">\n\t\t\t\t\t<style>\n    #newsletter-form{\n        display: none;\n    }\n<\/style>\t\t\t\t<\/div>\n\t\t\t\t<\/div>\n\t\t\t\t\t<\/div>\n\t\t\t\t<\/div>\n\t\t\t\t<\/div>","protected":false},"excerpt":{"rendered":"<p>Ie\u0161kote i\u0161skirtin\u0117s lauko virtuv\u0117s? Atraskite m\u016bs\u0173 katalog\u0105 \u2013 modernius sprendimus maisto gaminimui lauke: dujin\u0117s kepsnin\u0117s, keramin\u0117s kepsnin\u0117s, stilingas dizainas ir apgalvotos detal\u0117s. \u012eveskite savo el. pa\u0161to adres\u0105 ir atsisi\u0173skite katalog\u0105 su skirtingais modeliais ir kainomis!<\/p>","protected":false},"author":1,"featured_media":0,"parent":0,"menu_order":0,"comment_status":"closed","ping_status":"closed","template":"","meta":{"footnotes":""},"class_list":["post-1809","page","type-page","status-publish","hentry"],"_links":{"self":[{"href":"https:\/\/kamadozona.eu\/lt\/wp-json\/wp\/v2\/pages\/1809","targetHints":{"allow":["GET"]}}],"collection":[{"href":"https:\/\/kamadozona.eu\/lt\/wp-json\/wp\/v2\/pages"}],"about":[{"href":"https:\/\/kamadozona.eu\/lt\/wp-json\/wp\/v2\/types\/page"}],"author":[{"embeddable":true,"href":"https:\/\/kamadozona.eu\/lt\/wp-json\/wp\/v2\/users\/1"}],"replies":[{"embeddable":true,"href":"https:\/\/kamadozona.eu\/lt\/wp-json\/wp\/v2\/comments?post=1809"}],"version-history":[{"count":8,"href":"https:\/\/kamadozona.eu\/lt\/wp-json\/wp\/v2\/pages\/1809\/revisions"}],"predecessor-version":[{"id":2027,"href":"https:\/\/kamadozona.eu\/lt\/wp-json\/wp\/v2\/pages\/1809\/revisions\/2027"}],"wp:attachment":[{"href":"https:\/\/kamadozona.eu\/lt\/wp-json\/wp\/v2\/media?parent=1809"}],"curies":[{"name":"wp","href":"https:\/\/api.w.org\/{rel}","templated":true}]}}