{"id":544,"date":"2024-02-08T17:35:32","date_gmt":"2024-02-08T17:35:32","guid":{"rendered":"https:\/\/kamadozona.eu\/?page_id=544"},"modified":"2025-07-30T17:18:33","modified_gmt":"2025-07-30T14:18:33","slug":"about","status":"publish","type":"page","link":"https:\/\/kamadozona.eu\/lt\/about\/","title":{"rendered":"Apie"},"content":{"rendered":"<div data-elementor-type=\"wp-page\" data-elementor-id=\"544\" class=\"elementor elementor-544\" data-elementor-post-type=\"page\">\n\t\t\t\t<div class=\"elementor-element elementor-element-de2d10a e-flex e-con-boxed e-con e-parent\" data-id=\"de2d10a\" data-element_type=\"container\" data-e-type=\"container\" data-settings=\"{&quot;background_background&quot;:&quot;classic&quot;}\">\n\t\t\t\t\t<div class=\"e-con-inner\">\n\t\t\t\t<div class=\"elementor-element elementor-element-2472a40 elementor-widget elementor-widget-heading\" data-id=\"2472a40\" data-element_type=\"widget\" data-e-type=\"widget\" data-widget_type=\"heading.default\">\n\t\t\t\t<div class=\"elementor-widget-container\">\n\t\t\t\t\t<h1 class=\"elementor-heading-title elementor-size-default\">Apie<\/h1>\t\t\t\t<\/div>\n\t\t\t\t<\/div>\n\t\t\t\t\t<\/div>\n\t\t\t\t<\/div>\n\t\t<div class=\"elementor-element elementor-element-a639a5c e-flex e-con-boxed e-con e-parent\" data-id=\"a639a5c\" data-element_type=\"container\" data-e-type=\"container\">\n\t\t\t\t\t<div class=\"e-con-inner\">\n\t\t\t\t<div class=\"elementor-element elementor-element-3ed5157 elementor-widget elementor-widget-image\" data-id=\"3ed5157\" data-element_type=\"widget\" data-e-type=\"widget\" data-widget_type=\"image.default\">\n\t\t\t\t<div class=\"elementor-widget-container\">\n\t\t\t\t\t\t\t\t\t\t\t\t\t\t\t<img fetchpriority=\"high\" decoding=\"async\" width=\"800\" height=\"480\" src=\"https:\/\/kamadozona.eu\/wp-content\/uploads\/2024\/02\/Screenshot-2024-02-08-at-20.28.59-1024x615.webp\" class=\"attachment-large size-large wp-image-585\" alt=\"about kamadozona\" srcset=\"https:\/\/kamadozona.eu\/wp-content\/uploads\/2024\/02\/Screenshot-2024-02-08-at-20.28.59-1024x615.webp 1024w, https:\/\/kamadozona.eu\/wp-content\/uploads\/2024\/02\/Screenshot-2024-02-08-at-20.28.59-300x180.webp 300w, https:\/\/kamadozona.eu\/wp-content\/uploads\/2024\/02\/Screenshot-2024-02-08-at-20.28.59-768x461.webp 768w, https:\/\/kamadozona.eu\/wp-content\/uploads\/2024\/02\/Screenshot-2024-02-08-at-20.28.59-1536x923.webp 1536w, https:\/\/kamadozona.eu\/wp-content\/uploads\/2024\/02\/Screenshot-2024-02-08-at-20.28.59-600x361.webp 600w, https:\/\/kamadozona.eu\/wp-content\/uploads\/2024\/02\/Screenshot-2024-02-08-at-20.28.59.webp 1874w\" sizes=\"(max-width: 800px) 100vw, 800px\" \/>\t\t\t\t\t\t\t\t\t\t\t\t\t\t\t<\/div>\n\t\t\t\t<\/div>\n\t\t\t\t\t<\/div>\n\t\t\t\t<\/div>\n\t\t<div class=\"elementor-element elementor-element-ede12e6 e-flex e-con-boxed e-con e-parent\" data-id=\"ede12e6\" data-element_type=\"container\" data-e-type=\"container\">\n\t\t\t\t\t<div class=\"e-con-inner\">\n\t\t<div class=\"elementor-element elementor-element-96e5bc0 e-con-full e-flex e-con e-child\" data-id=\"96e5bc0\" data-element_type=\"container\" data-e-type=\"container\">\n\t\t\t\t<div class=\"elementor-element elementor-element-074e1ac elementor-widget elementor-widget-heading\" data-id=\"074e1ac\" data-element_type=\"widget\" data-e-type=\"widget\" data-widget_type=\"heading.default\">\n\t\t\t\t<div class=\"elementor-widget-container\">\n\t\t\t\t\t<h2 class=\"elementor-heading-title elementor-size-default\">Id\u0117ja<\/h2>\t\t\t\t<\/div>\n\t\t\t\t<\/div>\n\t\t\t\t<div class=\"elementor-element elementor-element-39db704 elementor-widget elementor-widget-text-editor\" data-id=\"39db704\" data-element_type=\"widget\" data-e-type=\"widget\" data-widget_type=\"text-editor.default\">\n\t\t\t\t<div class=\"elementor-widget-container\">\n\t\t\t\t\t\t\t\t\t<p>I\u0161 prad\u017ei\u0173 tai buvo tik id\u0117ja, kuri buvo \u012fgyvendinta ir toliau auga. Viskas prasid\u0117jo nuo begalinio asmeninio noro tur\u0117ti lauko virtuv\u0119, skirt\u0105 kepti ant groteli\u0173 savo terasoje, kuri nedaug skirt\u0173si nuo viduje esan\u010dios funkcionalios ir patogios virtuv\u0117s. Atsparumas lauko s\u0105lygoms, funkcionalumas ir modernumas tapo vertyb\u0117mis, lydin\u010diomis kiekvien\u0105 terasai pasirinkt\u0105 lauko virtuv\u0119.<\/p>\t\t\t\t\t\t\t\t<\/div>\n\t\t\t\t<\/div>\n\t\t\t\t<\/div>\n\t\t<div class=\"elementor-element elementor-element-83b1a6e e-con-full e-flex e-con e-child\" data-id=\"83b1a6e\" data-element_type=\"container\" data-e-type=\"container\">\n\t\t\t\t<div class=\"elementor-element elementor-element-8559d4f elementor-widget elementor-widget-heading\" data-id=\"8559d4f\" data-element_type=\"widget\" data-e-type=\"widget\" data-widget_type=\"heading.default\">\n\t\t\t\t<div class=\"elementor-widget-container\">\n\t\t\t\t\t<h2 class=\"elementor-heading-title elementor-size-default\">\u0160iuolaiki\u0161kumas\n\n<\/h2>\t\t\t\t<\/div>\n\t\t\t\t<\/div>\n\t\t\t\t<div class=\"elementor-element elementor-element-77d996e elementor-widget elementor-widget-text-editor\" data-id=\"77d996e\" data-element_type=\"widget\" data-e-type=\"widget\" data-widget_type=\"text-editor.default\">\n\t\t\t\t<div class=\"elementor-widget-container\">\n\t\t\t\t\t\t\t\t\tLauko virtuv\u0117, kuri ne tik atrodo moderniai, bet ir yra funkcionali, kokybi\u0161ka ir ilgaam\u017e\u0117. Pasirinkti lauko virtuv\u0117s moduliai, aplink kuriuos gyvenimas verda ne tik vasar\u0105. M\u0117gautis maistu, dalytis gard\u017eiausiais k\u0105sneliais su artimiausiais \u017emon\u0117mis virtuv\u0117je, tik ne patalpoje, o lauko virtuv\u0117s terasoje, kur b\u016bti gera.\n\n\n\t\t\t\t\t\t\t\t<\/div>\n\t\t\t\t<\/div>\n\t\t\t\t<\/div>\n\t\t<div class=\"elementor-element elementor-element-274a6b5 e-con-full e-flex e-con e-child\" data-id=\"274a6b5\" data-element_type=\"container\" data-e-type=\"container\">\n\t\t\t\t<div class=\"elementor-element elementor-element-478e849 elementor-widget elementor-widget-heading\" data-id=\"478e849\" data-element_type=\"widget\" data-e-type=\"widget\" data-widget_type=\"heading.default\">\n\t\t\t\t<div class=\"elementor-widget-container\">\n\t\t\t\t\t<h2 class=\"elementor-heading-title elementor-size-default\">Likutin\u0117 vert\u0117\n\n<\/h2>\t\t\t\t<\/div>\n\t\t\t\t<\/div>\n\t\t\t\t<div class=\"elementor-element elementor-element-895adfd elementor-widget elementor-widget-text-editor\" data-id=\"895adfd\" data-element_type=\"widget\" data-e-type=\"widget\" data-widget_type=\"text-editor.default\">\n\t\t\t\t<div class=\"elementor-widget-container\">\n\t\t\t\t\t\t\t\t\tI\u0161 gr\u012f\u017etan\u010di\u0173 klient\u0173 matome, kad m\u016bs\u0173 lauko virtuv\u0117s pranoksta j\u016bs\u0173 l\u016bkes\u010dius. Tai ne tik vizualin\u0117 estetika akims, bet ir sud\u0117tingas funkcionalumas. Kad jums netekt\u0173 patirti tos akimirkos, kai nerandate, kur pad\u0117ti \u017enyples, stal\u0105 ar grilio pir\u0161tin\u0119.\n\n\n\t\t\t\t\t\t\t\t<\/div>\n\t\t\t\t<\/div>\n\t\t\t\t<\/div>\n\t\t<div class=\"elementor-element elementor-element-4c46d7d e-con-full e-flex e-con e-child\" data-id=\"4c46d7d\" data-element_type=\"container\" data-e-type=\"container\">\n\t\t\t\t<div class=\"elementor-element elementor-element-9d6048f elementor-widget elementor-widget-heading\" data-id=\"9d6048f\" data-element_type=\"widget\" data-e-type=\"widget\" data-widget_type=\"heading.default\">\n\t\t\t\t<div class=\"elementor-widget-container\">\n\t\t\t\t\t<h2 class=\"elementor-heading-title elementor-size-default\">Personalizavimas\n\n<\/h2>\t\t\t\t<\/div>\n\t\t\t\t<\/div>\n\t\t\t\t<div class=\"elementor-element elementor-element-a5e1b8e elementor-widget elementor-widget-text-editor\" data-id=\"a5e1b8e\" data-element_type=\"widget\" data-e-type=\"widget\" data-widget_type=\"text-editor.default\">\n\t\t\t\t<div class=\"elementor-widget-container\">\n\t\t\t\t\t\t\t\t\tLauko virtuv\u0117s moduliai gaminami individualiai pagal j\u016bs\u0173 pasirinkt\u0105 \u012frang\u0105. Moduliai pritaikyti visoms geriausioms rinkoje esan\u010dioms kepsnin\u0117ms, j\u0173 dyd\u017eiams ir i\u0161matavimams. Taip pat bet kada galite u\u017esisakyti papildom\u0173 lauko virtuv\u0117s moduli\u0173, kuriuos gal\u0117site prijungti prie jau turimo (-\u0173) modulio (-i\u0173).\n\n\n\t\t\t\t\t\t\t\t<\/div>\n\t\t\t\t<\/div>\n\t\t\t\t<\/div>\n\t\t\t\t\t<\/div>\n\t\t\t\t<\/div>\n\t\t<div class=\"elementor-element elementor-element-c49dfea e-flex e-con-boxed e-con e-parent\" data-id=\"c49dfea\" data-element_type=\"container\" data-e-type=\"container\">\n\t\t\t\t\t<div class=\"e-con-inner\">\n\t\t<div class=\"elementor-element elementor-element-dd6c4e5 e-flex e-con-boxed e-con e-child\" data-id=\"dd6c4e5\" data-element_type=\"container\" data-e-type=\"container\" data-settings=\"{&quot;background_background&quot;:&quot;classic&quot;}\">\n\t\t\t\t\t<div class=\"e-con-inner\">\n\t\t\t\t<div class=\"elementor-element elementor-element-401a49c elementor-widget elementor-widget-heading\" data-id=\"401a49c\" data-element_type=\"widget\" data-e-type=\"widget\" data-widget_type=\"heading.default\">\n\t\t\t\t<div class=\"elementor-widget-container\">\n\t\t\t\t\t<h2 class=\"elementor-heading-title elementor-size-default\">\"<\/h2>\t\t\t\t<\/div>\n\t\t\t\t<\/div>\n\t\t\t\t<div class=\"elementor-element elementor-element-ad0b228 elementor-widget-mobile__width-initial elementor-widget elementor-widget-text-editor\" data-id=\"ad0b228\" data-element_type=\"widget\" data-e-type=\"widget\" data-widget_type=\"text-editor.default\">\n\t\t\t\t<div class=\"elementor-widget-container\">\n\t\t\t\t\t\t\t\t\t\n\n\nKai kepsnin\u0117je liepsnoja ugnis ir kartu gaminame maist\u0105, atsiranda ypatingas artumas ir bendravimas, kuris tampa neatsiejama prisiminim\u0173 dalimi.\n\n\n\n\n\n\n\n\n\t\t\t\t\t\t\t\t<\/div>\n\t\t\t\t<\/div>\n\t\t\t\t\t<\/div>\n\t\t\t\t<\/div>\n\t\t\t\t\t<\/div>\n\t\t\t\t<\/div>\n\t\t\t\t<\/div>","protected":false},"excerpt":{"rendered":"<p>Apie id\u0117j\u0105 I\u0161 prad\u017ei\u0173 tai buvo tik id\u0117ja, kuri i\u0161sipild\u0117 ir toliau auga. Viskas prasid\u0117jo nuo begalinio asmeninio noro tur\u0117ti lauko virtuv\u0119, skirt\u0105 kepti ant groteli\u0173 savo terasoje, kuri nedaug skirt\u0173si nuo viduje esan\u010dios funkcionalios ir patogios virtuv\u0117s. Atsparumas lauko s\u0105lygoms, funkcionalumas ir modernumas [...]<\/p>","protected":false},"author":1,"featured_media":0,"parent":0,"menu_order":0,"comment_status":"closed","ping_status":"closed","template":"","meta":{"footnotes":""},"class_list":["post-544","page","type-page","status-publish","hentry"],"_links":{"self":[{"href":"https:\/\/kamadozona.eu\/lt\/wp-json\/wp\/v2\/pages\/544","targetHints":{"allow":["GET"]}}],"collection":[{"href":"https:\/\/kamadozona.eu\/lt\/wp-json\/wp\/v2\/pages"}],"about":[{"href":"https:\/\/kamadozona.eu\/lt\/wp-json\/wp\/v2\/types\/page"}],"author":[{"embeddable":true,"href":"https:\/\/kamadozona.eu\/lt\/wp-json\/wp\/v2\/users\/1"}],"replies":[{"embeddable":true,"href":"https:\/\/kamadozona.eu\/lt\/wp-json\/wp\/v2\/comments?post=544"}],"version-history":[{"count":3,"href":"https:\/\/kamadozona.eu\/lt\/wp-json\/wp\/v2\/pages\/544\/revisions"}],"predecessor-version":[{"id":2115,"href":"https:\/\/kamadozona.eu\/lt\/wp-json\/wp\/v2\/pages\/544\/revisions\/2115"}],"wp:attachment":[{"href":"https:\/\/kamadozona.eu\/lt\/wp-json\/wp\/v2\/media?parent=544"}],"curies":[{"name":"wp","href":"https:\/\/api.w.org\/{rel}","templated":true}]}}