{"id":549,"date":"2024-02-08T17:36:13","date_gmt":"2024-02-08T17:36:13","guid":{"rendered":"https:\/\/kamadozona.eu\/?page_id=549"},"modified":"2024-05-25T10:23:15","modified_gmt":"2024-05-25T10:23:15","slug":"shipping","status":"publish","type":"page","link":"https:\/\/kamadozona.eu\/lt\/shipping\/","title":{"rendered":"Pristatymas"},"content":{"rendered":"<div data-elementor-type=\"wp-page\" data-elementor-id=\"549\" class=\"elementor elementor-549\" data-elementor-post-type=\"page\">\n\t\t\t\t<div class=\"elementor-element elementor-element-12a7e9a e-flex e-con-boxed e-con e-parent\" data-id=\"12a7e9a\" data-element_type=\"container\" data-e-type=\"container\" data-settings=\"{&quot;background_background&quot;:&quot;classic&quot;}\">\n\t\t\t\t\t<div class=\"e-con-inner\">\n\t\t\t\t<div class=\"elementor-element elementor-element-0d7fe10 elementor-widget elementor-widget-heading\" data-id=\"0d7fe10\" data-element_type=\"widget\" data-e-type=\"widget\" data-widget_type=\"heading.default\">\n\t\t\t\t<div class=\"elementor-widget-container\">\n\t\t\t\t\t<h1 class=\"elementor-heading-title elementor-size-default\">Pristatymas<\/h1>\t\t\t\t<\/div>\n\t\t\t\t<\/div>\n\t\t\t\t\t<\/div>\n\t\t\t\t<\/div>\n\t\t<div class=\"elementor-element elementor-element-0de7ef7 e-flex e-con-boxed e-con e-parent\" data-id=\"0de7ef7\" data-element_type=\"container\" data-e-type=\"container\">\n\t\t\t\t\t<div class=\"e-con-inner\">\n\t\t\t\t<div class=\"elementor-element elementor-element-bdbeac1 elementor-widget elementor-widget-image\" data-id=\"bdbeac1\" data-element_type=\"widget\" data-e-type=\"widget\" data-widget_type=\"image.default\">\n\t\t\t\t<div class=\"elementor-widget-container\">\n\t\t\t\t\t\t\t\t\t\t\t\t\t\t\t<img fetchpriority=\"high\" decoding=\"async\" width=\"800\" height=\"343\" src=\"https:\/\/kamadozona.eu\/wp-content\/uploads\/2024\/02\/Screenshot-2024-02-08-at-21.14.09-1024x439.webp\" class=\"attachment-large size-large wp-image-651\" alt=\"Shipping Kamadozona\" srcset=\"https:\/\/kamadozona.eu\/wp-content\/uploads\/2024\/02\/Screenshot-2024-02-08-at-21.14.09-1024x439.webp 1024w, https:\/\/kamadozona.eu\/wp-content\/uploads\/2024\/02\/Screenshot-2024-02-08-at-21.14.09-300x129.webp 300w, https:\/\/kamadozona.eu\/wp-content\/uploads\/2024\/02\/Screenshot-2024-02-08-at-21.14.09-768x329.webp 768w, https:\/\/kamadozona.eu\/wp-content\/uploads\/2024\/02\/Screenshot-2024-02-08-at-21.14.09-1536x658.webp 1536w, https:\/\/kamadozona.eu\/wp-content\/uploads\/2024\/02\/Screenshot-2024-02-08-at-21.14.09-600x257.webp 600w, https:\/\/kamadozona.eu\/wp-content\/uploads\/2024\/02\/Screenshot-2024-02-08-at-21.14.09.webp 1876w\" sizes=\"(max-width: 800px) 100vw, 800px\" \/>\t\t\t\t\t\t\t\t\t\t\t\t\t\t\t<\/div>\n\t\t\t\t<\/div>\n\t\t\t\t\t<\/div>\n\t\t\t\t<\/div>\n\t\t<div class=\"elementor-element elementor-element-b848bd1 e-flex e-con-boxed e-con e-parent\" data-id=\"b848bd1\" data-element_type=\"container\" data-e-type=\"container\">\n\t\t\t\t\t<div class=\"e-con-inner\">\n\t\t<div class=\"elementor-element elementor-element-9168069 e-con-full e-flex e-con e-child\" data-id=\"9168069\" data-element_type=\"container\" data-e-type=\"container\">\n\t\t\t\t<div class=\"elementor-element elementor-element-9583f1e elementor-widget elementor-widget-text-editor\" data-id=\"9583f1e\" data-element_type=\"widget\" data-e-type=\"widget\" data-widget_type=\"text-editor.default\">\n\t\t\t\t<div class=\"elementor-widget-container\">\n\t\t\t\t\t\t\t\t\tNEMOKAMAS PRISTATYMAS LIETUVOJE<br>\n* Pristatymas \u012f Kur\u0161i\u0173 nerij\u0105: 60,00 Eur.<br><br>\n\nVieno modulio pristatymas \u012f Latvij\u0105 - 100 Eur<br>\nVieno modulio pristatymas ESTIJOJE - 120 Eur<br>\nD\u0116L PRISTATYMO \u012e KITAS \u0160ALIS SUSISIEKITE SU PARDAV\u0116JU<br><br>\n\nGamybos laikotarpis 1-6 savait\u0117s.\t\t\t\t\t\t\t\t<\/div>\n\t\t\t\t<\/div>\n\t\t\t\t<\/div>\n\t\t\t\t\t<\/div>\n\t\t\t\t<\/div>\n\t\t\t\t<\/div>","protected":false},"excerpt":{"rendered":"<p>Pristatymas NEMOKAMAS PRISTATYMAS LIETUVOJE * Pristatymas \u012f Kur\u0161i\u0173 nerij\u0105: 60.00 Eur. Vieno modulio pristatymas \u012f Latvij\u0105 - 100 Eur Vieno modulio pristatymas \u012f Estij\u0105 - 120 Eur D\u0117l pristatymo \u012f kitas \u0161alis kreipkit\u0117s \u012f pardav\u0117j\u0105.<\/p>","protected":false},"author":1,"featured_media":0,"parent":0,"menu_order":0,"comment_status":"closed","ping_status":"closed","template":"","meta":{"footnotes":""},"class_list":["post-549","page","type-page","status-publish","hentry"],"_links":{"self":[{"href":"https:\/\/kamadozona.eu\/lt\/wp-json\/wp\/v2\/pages\/549","targetHints":{"allow":["GET"]}}],"collection":[{"href":"https:\/\/kamadozona.eu\/lt\/wp-json\/wp\/v2\/pages"}],"about":[{"href":"https:\/\/kamadozona.eu\/lt\/wp-json\/wp\/v2\/types\/page"}],"author":[{"embeddable":true,"href":"https:\/\/kamadozona.eu\/lt\/wp-json\/wp\/v2\/users\/1"}],"replies":[{"embeddable":true,"href":"https:\/\/kamadozona.eu\/lt\/wp-json\/wp\/v2\/comments?post=549"}],"version-history":[{"count":0,"href":"https:\/\/kamadozona.eu\/lt\/wp-json\/wp\/v2\/pages\/549\/revisions"}],"wp:attachment":[{"href":"https:\/\/kamadozona.eu\/lt\/wp-json\/wp\/v2\/media?parent=549"}],"curies":[{"name":"wp","href":"https:\/\/api.w.org\/{rel}","templated":true}]}}