{"id":550,"date":"2024-02-08T17:36:22","date_gmt":"2024-02-08T17:36:22","guid":{"rendered":"https:\/\/kamadozona.eu\/?page_id=550"},"modified":"2024-07-28T10:15:53","modified_gmt":"2024-07-28T10:15:53","slug":"warranty-conditions","status":"publish","type":"page","link":"https:\/\/kamadozona.eu\/lt\/warranty-conditions\/","title":{"rendered":"Garantijos s\u0105lygos"},"content":{"rendered":"<div data-elementor-type=\"wp-page\" data-elementor-id=\"550\" class=\"elementor elementor-550\" data-elementor-post-type=\"page\">\n\t\t\t\t<div class=\"elementor-element elementor-element-e379e03 e-flex e-con-boxed e-con e-parent\" data-id=\"e379e03\" data-element_type=\"container\" data-e-type=\"container\" data-settings=\"{&quot;background_background&quot;:&quot;classic&quot;}\">\n\t\t\t\t\t<div class=\"e-con-inner\">\n\t\t\t\t<div class=\"elementor-element elementor-element-7a4e5d9 elementor-widget elementor-widget-heading\" data-id=\"7a4e5d9\" data-element_type=\"widget\" data-e-type=\"widget\" data-widget_type=\"heading.default\">\n\t\t\t\t<div class=\"elementor-widget-container\">\n\t\t\t\t\t<h1 class=\"elementor-heading-title elementor-size-default\">Garantijos s\u0105lygos<\/h1>\t\t\t\t<\/div>\n\t\t\t\t<\/div>\n\t\t\t\t\t<\/div>\n\t\t\t\t<\/div>\n\t\t<div class=\"elementor-element elementor-element-5a6646f e-flex e-con-boxed e-con e-parent\" data-id=\"5a6646f\" data-element_type=\"container\" data-e-type=\"container\">\n\t\t\t\t\t<div class=\"e-con-inner\">\n\t\t<div class=\"elementor-element elementor-element-9b19e44 e-con-full e-flex e-con e-child\" data-id=\"9b19e44\" data-element_type=\"container\" data-e-type=\"container\">\n\t\t\t\t<div class=\"elementor-element elementor-element-56ca6c1 elementor-widget elementor-widget-text-editor\" data-id=\"56ca6c1\" data-element_type=\"widget\" data-e-type=\"widget\" data-widget_type=\"text-editor.default\">\n\t\t\t\t<div class=\"elementor-widget-container\">\n\t\t\t\t\t\t\t\t\t<p><strong>MB JUVYTA (prek\u0117s \u017eenklo \"KamadoZona\") lauko virtuvei suteikiama garantija:<\/strong><\/p><p>Juodo metalo dalims da\u017eytoms milteliniu b\u016bdu tokioms kaip: R\u0117mas, kojel\u0117s, ranken\u0117l\u0117s suteikiama 2 met\u0173 garantija<\/p><p>Grantija netaikoma: mehaninio da\u017e\u0173 pa\u017eeidimo atveju atsirandan\u010di\u0173 ekplotavimo metu. Chemikal\u0173, tra\u0161\u0173, pesticid\u0173 ar kit\u0173 chemini\u0173 med\u017eiag\u0173 patekimo atvej\u0173 ant pavir\u0161i\u0173, galin\u010di\u0173 pakenkti da\u017eui. Tokiu atveju garantija nuo korozijos, oksidacijos ar kit\u0173 gaminio pakitim\u0173 negalioja<\/p><p>Cinkuoto lak\u0161to dalims da\u017eytoms milteliniu b\u016bdu tokioms kaip: \u0161oniniai ir galiniai fasadai, lenynos, griliaus stalvir\u0161is, stal\u010diai suteikiama 2 met\u0173 garantija<\/p><p>Grantija netaikoma: mehaninio da\u017e\u0173 pa\u017eeidimo atveju atsirandan\u010di\u0173 ekplotavimo metu. Chemikal\u0173, tra\u0161\u0173, pesticid\u0173 ar kit\u0173 chemini\u0173 med\u017eiag\u0173 patekimo atvej\u0173 ant pavir\u0161i\u0173, galin\u010di\u0173 pakenkti da\u017eui ir cinkui. Tokiu atveju garantija nuo korozijos, oksidacijos ar kit\u0173 gaminio pakitim\u0173 negalioja<\/p><p>Auk\u0161to sl\u0117gio laminato HPL compact priekiniams, \u0161oninimas bei galiniams fasadams suteikiama 2 met\u0173 garantija. HPL plok\u0161t\u0117s yra lengvai valomos, atsparios tirpikliams ir chemin\u0117ms med\u017eiagoms bei atitinka EN ISO 178 naudojimo standart\u0105. Jos atsparios ultravioletiniams spinduliams, oro s\u0105lygoms ir tinkamos naudoti nuo -80 \u00b0C iki 80 \u00b0C temperat\u016broje<\/p><p>Garantija netaikoma: Mehanini\u0173 pa\u017eeidim\u0173 ar apdau\u017eymu atveju<\/p><p>Bald\u0173 furnit\u016bra:<\/p><ul><li>Stal\u010di\u0173 b\u0117geliams  suteikiama 2 met\u0173 garantija<\/li><li>Dur\u0173 vyriams suteikiama 2 met\u0173 garantija<\/li><li>Ratams suteikiama 2 met\u0173 garantija<\/li><\/ul><p>Garantija netaikoma: Mehanini\u0173 pa\u017eeidim\u0173 ar sulankstymu, biri\u0173 produkt\u0173 tiesioginio patekimo ant mechanizm\u0173 toki\u0173 kaip sm\u0117lis, akmenukai, dro\u017el\u0117s, druska ir kitos med\u017eiagos atveju<\/p><p>Granito plok\u0161t\u0117ms - suskald\u017eius, sudau\u017eius ar kitais b\u016bdais sugadinus garantija netaikoma<\/p>\t\t\t\t\t\t\t\t<\/div>\n\t\t\t\t<\/div>\n\t\t\t\t<\/div>\n\t\t\t\t\t<\/div>\n\t\t\t\t<\/div>\n\t\t\t\t<\/div>","protected":false},"excerpt":{"rendered":"<p>Warranty conditions MB JUVYTA (KamadoZona brand) outdoor kitchen is guaranteed: 2 year warranty is provided for black metal parts, powder-coated, such as: Frame, legs, handles. The warranty does not apply: in the case of mechanical damage to the paint that occurs during operation. Cases of exposure of chemicals, fertilizers, pesticides or other chemicals to surfaces [&hellip;]<\/p>","protected":false},"author":1,"featured_media":0,"parent":0,"menu_order":0,"comment_status":"closed","ping_status":"closed","template":"","meta":{"footnotes":""},"class_list":["post-550","page","type-page","status-publish","hentry"],"_links":{"self":[{"href":"https:\/\/kamadozona.eu\/lt\/wp-json\/wp\/v2\/pages\/550","targetHints":{"allow":["GET"]}}],"collection":[{"href":"https:\/\/kamadozona.eu\/lt\/wp-json\/wp\/v2\/pages"}],"about":[{"href":"https:\/\/kamadozona.eu\/lt\/wp-json\/wp\/v2\/types\/page"}],"author":[{"embeddable":true,"href":"https:\/\/kamadozona.eu\/lt\/wp-json\/wp\/v2\/users\/1"}],"replies":[{"embeddable":true,"href":"https:\/\/kamadozona.eu\/lt\/wp-json\/wp\/v2\/comments?post=550"}],"version-history":[{"count":6,"href":"https:\/\/kamadozona.eu\/lt\/wp-json\/wp\/v2\/pages\/550\/revisions"}],"predecessor-version":[{"id":2122,"href":"https:\/\/kamadozona.eu\/lt\/wp-json\/wp\/v2\/pages\/550\/revisions\/2122"}],"wp:attachment":[{"href":"https:\/\/kamadozona.eu\/lt\/wp-json\/wp\/v2\/media?parent=550"}],"curies":[{"name":"wp","href":"https:\/\/api.w.org\/{rel}","templated":true}]}}