{"id":551,"date":"2024-02-08T17:36:32","date_gmt":"2024-02-08T17:36:32","guid":{"rendered":"https:\/\/kamadozona.eu\/?page_id=551"},"modified":"2024-05-25T10:23:34","modified_gmt":"2024-05-25T10:23:34","slug":"terms-and-conditions","status":"publish","type":"page","link":"https:\/\/kamadozona.eu\/lt\/terms-and-conditions\/","title":{"rendered":"Terminai ir s\u0105lygos"},"content":{"rendered":"<div data-elementor-type=\"wp-page\" data-elementor-id=\"551\" class=\"elementor elementor-551\" data-elementor-post-type=\"page\">\n\t\t\t\t<div class=\"elementor-element elementor-element-3676039 e-flex e-con-boxed e-con e-parent\" data-id=\"3676039\" data-element_type=\"container\" data-e-type=\"container\" data-settings=\"{&quot;background_background&quot;:&quot;classic&quot;}\">\n\t\t\t\t\t<div class=\"e-con-inner\">\n\t\t\t\t<div class=\"elementor-element elementor-element-d763fe9 elementor-widget elementor-widget-heading\" data-id=\"d763fe9\" data-element_type=\"widget\" data-e-type=\"widget\" data-widget_type=\"heading.default\">\n\t\t\t\t<div class=\"elementor-widget-container\">\n\t\t\t\t\t<h1 class=\"elementor-heading-title elementor-size-default\">Terminai ir s\u0105lygos<\/h1>\t\t\t\t<\/div>\n\t\t\t\t<\/div>\n\t\t\t\t\t<\/div>\n\t\t\t\t<\/div>\n\t\t<div class=\"elementor-element elementor-element-c14b511 e-flex e-con-boxed e-con e-parent\" data-id=\"c14b511\" data-element_type=\"container\" data-e-type=\"container\">\n\t\t\t\t\t<div class=\"e-con-inner\">\n\t\t<div class=\"elementor-element elementor-element-e8145fc e-con-full e-flex e-con e-child\" data-id=\"e8145fc\" data-element_type=\"container\" data-e-type=\"container\">\n\t\t\t\t<div class=\"elementor-element elementor-element-176d9c7 elementor-widget elementor-widget-text-editor\" data-id=\"176d9c7\" data-element_type=\"widget\" data-e-type=\"widget\" data-widget_type=\"text-editor.default\">\n\t\t\t\t<div class=\"elementor-widget-container\">\n\t\t\t\t\t\t\t\t\t<p><strong><span>Mok\u0117ti galima naudojantis \"Swedbank\", \"Seb\", \"Luminor\", \"Citadele\" ir \u0160iauli\u0173 banko elektronin\u0117s bankininkyst\u0117s paslaugomis. Atsiskaityti galima euro valiuta. Mok\u0117jimai atliekami naudojant\u00a0\u00a0<\/span><\/strong><a href=\"http:\/\/makecommerce.lt\/\" target=\"_blank\" rel=\"noopener\" aria-describedby=\"a11y-new-window-external-message\"><strong><span>MakeCommerce.lt<\/span><\/strong><\/a><strong><span>\u00a0mok\u0117jimo platforma.<\/span><\/strong><\/p>\t\t\t\t\t\t\t\t<\/div>\n\t\t\t\t<\/div>\n\t\t\t\t<\/div>\n\t\t\t\t\t<\/div>\n\t\t\t\t<\/div>\n\t\t\t\t<\/div>","protected":false},"excerpt":{"rendered":"<p>Terms and conditions Payment can be made using electronic banking services of Swedbank, Seb, Luminor, Citadele and \u0160iauli\u0173 bankas. Settlements are possible in euro currency. Payments are processed using\u00a0\u00a0the MakeCommerce.lt\u00a0payment platform.<\/p>","protected":false},"author":1,"featured_media":0,"parent":0,"menu_order":0,"comment_status":"closed","ping_status":"closed","template":"","meta":{"footnotes":""},"class_list":["post-551","page","type-page","status-publish","hentry"],"_links":{"self":[{"href":"https:\/\/kamadozona.eu\/lt\/wp-json\/wp\/v2\/pages\/551","targetHints":{"allow":["GET"]}}],"collection":[{"href":"https:\/\/kamadozona.eu\/lt\/wp-json\/wp\/v2\/pages"}],"about":[{"href":"https:\/\/kamadozona.eu\/lt\/wp-json\/wp\/v2\/types\/page"}],"author":[{"embeddable":true,"href":"https:\/\/kamadozona.eu\/lt\/wp-json\/wp\/v2\/users\/1"}],"replies":[{"embeddable":true,"href":"https:\/\/kamadozona.eu\/lt\/wp-json\/wp\/v2\/comments?post=551"}],"version-history":[{"count":0,"href":"https:\/\/kamadozona.eu\/lt\/wp-json\/wp\/v2\/pages\/551\/revisions"}],"wp:attachment":[{"href":"https:\/\/kamadozona.eu\/lt\/wp-json\/wp\/v2\/media?parent=551"}],"curies":[{"name":"wp","href":"https:\/\/api.w.org\/{rel}","templated":true}]}}