{"id":1166,"date":"2024-04-30T09:26:00","date_gmt":"2024-04-30T09:26:00","guid":{"rendered":"https:\/\/kamadozona.eu\/?post_type=product&#038;p=1166"},"modified":"2024-06-20T18:48:55","modified_gmt":"2024-06-20T18:48:55","slug":"groteliu%cc%a8-valymo-sepetys-kamadoclub","status":"publish","type":"product","link":"https:\/\/kamadozona.eu\/lt\/groteliu%cc%a8-valymo-sepetys-kamadoclub\/","title":{"rendered":"Groteli\u0173 valymo \u0161epetys KamadoClub"},"content":{"rendered":"<p><span class=\"s3\">Auk\u0161tos kokyb\u0117s groteli\u0173 valymo \u0161epetys. Patogi ir ilga rankena, a\u0161trus peilis, spiral\u0117s formos valymo \u0161ereliai bei pakabinimo kilpa. Idealus \u012frankis norint tinkamai ir nepriekai\u0161tingai i\u0161valyti kepsnin\u0117s groteles.<\/span><\/p>\n<p>&nbsp;<\/p>\n<p class=\"s5\"><span class=\"s4\">KamadoClub groteli\u0173 valymo \u0161epe\u010dio ypatyb\u0117s:<\/span><\/p>\n<div class=\"s8\"><span class=\"s6\">- <\/span><span class=\"s7\">Spiral\u0117s formos valymo \u0161ereliai<\/span><\/div>\n<div class=\"s8\"><span class=\"s6\">- <\/span><span class=\"s7\">A\u0161trus peilis<\/span><\/div>\n<div class=\"s8\"><span class=\"s6\">- <\/span><span class=\"s7\">Pakabinimo kilpa i\u0161 ner\u016bdijan\u010dio plieno<\/span><\/div>\n<div class=\"s8\"><span class=\"s6\">- <\/span><span class=\"s7\">Ilga ir patogi ranka<\/span><\/div>\n<div class=\"s8\"><span class=\"s6\">- <\/span><span class=\"s7\">Bendras produkto ilgis - 42 cm<\/span><\/div>\n<div class=\"s8\"><span class=\"s6\">- <\/span><span class=\"s7\">Patogi, neslystanti \u0161epe\u010dio rankena<\/span><\/div>","protected":false},"excerpt":{"rendered":"<p>Auk\u0161tos kokyb\u0117s groteli\u0173 valymo \u0161epetys. Patogi ir ilga rankena, a\u0161trus peilis, spiral\u0117s formos valymo \u0161ereliai bei pakabinimo kilpa. Idealus \u012frankis norint tinkamai ir nepriekai\u0161tingai i\u0161valyti kepsnin\u0117s groteles.   KamadoClub groteli\u0173 valymo ypatyb\u0117s: - A\u0161trus peilis - Pakabinimo kilpa i\u0161 ner\u016bdijan\u010dio plieno - Ilga ir patogi rankena - Bendras produkto [...]<\/p>","protected":false},"featured_media":1155,"template":"","meta":[],"product_brand":[],"product_cat":[70],"product_tag":[],"class_list":{"0":"post-1166","1":"product","2":"type-product","3":"status-publish","4":"has-post-thumbnail","6":"product_cat-accessories","8":"first","9":"instock","10":"shipping-taxable","11":"purchasable","12":"product-type-simple"},"_links":{"self":[{"href":"https:\/\/kamadozona.eu\/lt\/wp-json\/wp\/v2\/product\/1166","targetHints":{"allow":["GET"]}}],"collection":[{"href":"https:\/\/kamadozona.eu\/lt\/wp-json\/wp\/v2\/product"}],"about":[{"href":"https:\/\/kamadozona.eu\/lt\/wp-json\/wp\/v2\/types\/product"}],"wp:featuredmedia":[{"embeddable":true,"href":"https:\/\/kamadozona.eu\/lt\/wp-json\/wp\/v2\/media\/1155"}],"wp:attachment":[{"href":"https:\/\/kamadozona.eu\/lt\/wp-json\/wp\/v2\/media?parent=1166"}],"wp:term":[{"taxonomy":"product_brand","embeddable":true,"href":"https:\/\/kamadozona.eu\/lt\/wp-json\/wp\/v2\/product_brand?post=1166"},{"taxonomy":"product_cat","embeddable":true,"href":"https:\/\/kamadozona.eu\/lt\/wp-json\/wp\/v2\/product_cat?post=1166"},{"taxonomy":"product_tag","embeddable":true,"href":"https:\/\/kamadozona.eu\/lt\/wp-json\/wp\/v2\/product_tag?post=1166"}],"curies":[{"name":"wp","href":"https:\/\/api.w.org\/{rel}","templated":true}]}}