{"id":1168,"date":"2024-04-30T09:26:03","date_gmt":"2024-04-30T09:26:03","guid":{"rendered":"https:\/\/kamadozona.eu\/?post_type=product&#038;p=1168"},"modified":"2024-06-20T19:42:29","modified_gmt":"2024-06-20T19:42:29","slug":"ketaus-grilio-presas","status":"publish","type":"product","link":"https:\/\/kamadozona.eu\/lt\/ketaus-grilio-presas\/","title":{"rendered":"Ketaus grilio presas"},"content":{"rendered":"<p class=\"s3\"><span class=\"s4\">Ketaus grilio presas neleid\u017eia \u0161oninei susisukti ir i\u0161spaud\u017eia nepageidaujamus riebalus nuo m\u0117saini\u0173 ar kepsni\u0173. I\u0161 anksto \u012fkaitintas presas \u017eymiai pagreitina gaminimo laik\u0105.<\/span><\/p>\n<p class=\"s6\"><span class=\"s5\">Grilio preso ypatyb\u0117s:<\/span><\/p>\n<div class=\"s9\"><span class=\"s7\">- <\/span><span class=\"s8\">Auk\u0161tos kokyb\u0117s ketus<\/span><\/div>\n<div class=\"s9\"><span class=\"s7\">- <\/span><span class=\"s8\">2,1 kg<\/span><\/div>\n<div class=\"s9\"><span class=\"s7\">- <\/span><span class=\"s8\">22 cm skersmens<\/span><\/div>\n<div class=\"s9\"><span class=\"s7\">- <\/span><span class=\"s8\">Paruo\u0161tas naudojimui<\/span><\/div>","protected":false},"excerpt":{"rendered":"<p>Ketaus grilio presas neleid\u017eia \u0161oninei susisukti ir i\u0161spaud\u017eia nepageidaujamus riebalus nuo m\u0117saini\u0173 ar kepsni\u0173. I\u0161 anksto \u012fkaitintas presas \u017eymiai pagreitina gaminimo laik\u0105. Grilio preso ypatyb\u0117s: - 2,1 kg - 22 cm skersmens - Paruo\u0161tas naudojimui<\/p>","protected":false},"featured_media":1158,"template":"","meta":[],"product_brand":[],"product_cat":[70],"product_tag":[],"class_list":{"0":"post-1168","1":"product","2":"type-product","3":"status-publish","4":"has-post-thumbnail","6":"product_cat-accessories","8":"first","9":"instock","10":"shipping-taxable","11":"purchasable","12":"product-type-simple"},"_links":{"self":[{"href":"https:\/\/kamadozona.eu\/lt\/wp-json\/wp\/v2\/product\/1168","targetHints":{"allow":["GET"]}}],"collection":[{"href":"https:\/\/kamadozona.eu\/lt\/wp-json\/wp\/v2\/product"}],"about":[{"href":"https:\/\/kamadozona.eu\/lt\/wp-json\/wp\/v2\/types\/product"}],"wp:featuredmedia":[{"embeddable":true,"href":"https:\/\/kamadozona.eu\/lt\/wp-json\/wp\/v2\/media\/1158"}],"wp:attachment":[{"href":"https:\/\/kamadozona.eu\/lt\/wp-json\/wp\/v2\/media?parent=1168"}],"wp:term":[{"taxonomy":"product_brand","embeddable":true,"href":"https:\/\/kamadozona.eu\/lt\/wp-json\/wp\/v2\/product_brand?post=1168"},{"taxonomy":"product_cat","embeddable":true,"href":"https:\/\/kamadozona.eu\/lt\/wp-json\/wp\/v2\/product_cat?post=1168"},{"taxonomy":"product_tag","embeddable":true,"href":"https:\/\/kamadozona.eu\/lt\/wp-json\/wp\/v2\/product_tag?post=1168"}],"curies":[{"name":"wp","href":"https:\/\/api.w.org\/{rel}","templated":true}]}}