{"id":1170,"date":"2024-04-30T09:26:06","date_gmt":"2024-04-30T09:26:06","guid":{"rendered":"https:\/\/kamadozona.eu\/?post_type=product&#038;p=1170"},"modified":"2024-06-20T19:52:00","modified_gmt":"2024-06-20T19:52:00","slug":"burger-patty-press","status":"publish","type":"product","link":"https:\/\/kamadozona.eu\/lt\/burger-patty-press\/","title":{"rendered":"M\u0117saini\u0173 presas"},"content":{"rendered":"<p class=\"s3\"><span class=\"s4\">Auk\u0161tos kokyb\u0117s m\u0117saini\u0173 presas bus tikras pagalbininkas spar\u010diam m\u0117saini\u0173 ruo\u0161imui. Auk\u0161tos kokyb\u0117s aliuminio korpusas su patogia rankena bei galimybe paruo\u0161ti idealius m\u0117saini\u0173 paplot\u0117lius - patogu ir greita!<\/span><\/p>\n<p class=\"s3\">\n<p class=\"s6\"><span class=\"s5\">M\u0117saini\u0173 preso ypatyb\u0117s:<\/span><\/p>\n<div class=\"s9\"><span class=\"s7\">- <\/span><span class=\"s8\">Patogi rankena<\/span><\/div>\n<div class=\"s9\"><span class=\"s7\">- <\/span><span class=\"s8\">Ma\u017eas svoris<\/span><\/div>\n<div class=\"s9\"><span class=\"s7\">- <\/span><span class=\"s8\">Auk\u0161tos kokyb\u0117s aliuminio korpusas<\/span><\/div>\n<div class=\"s9\"><span class=\"s7\">- <\/span><span class=\"s8\">11,5 cm skersmens 1 m\u0117sainio forma<\/span><\/div>\n<div class=\"s9\"><span class=\"s7\">- <\/span><span class=\"s8\">100 sviestinio popieriaus lapeli\u0173 dovan\u0173<\/span><\/div>\n<p class=\"s3\">","protected":false},"excerpt":{"rendered":"<p>Auk\u0161tos kokyb\u0117s m\u0117saini\u0173 presas bus tikras pagalbininkas spar\u010diam m\u0117saini\u0173 ruo\u0161imui. Auk\u0161tos kokyb\u0117s aliuminio korpusas su patogia rankena bei galimybe paruo\u0161ti idealius m\u0117saini\u0173 paplot\u0117lius - patogu ir greita! M\u0117saini\u0173 preso ypatyb\u0117s: - Patogi rankena - Ma\u017eas svoris - Auk\u0161tos kokyb\u0117s aliuminio korpusas - 11,5 cm skersmens 1 m\u0117sainio forma - 100 sviestinio popieriaus lapeli\u0173 dovan\u0173<\/p>","protected":false},"featured_media":1160,"template":"","meta":[],"product_brand":[],"product_cat":[70],"product_tag":[],"class_list":{"0":"post-1170","1":"product","2":"type-product","3":"status-publish","4":"has-post-thumbnail","6":"product_cat-accessories","8":"first","9":"instock","10":"shipping-taxable","11":"purchasable","12":"product-type-simple"},"_links":{"self":[{"href":"https:\/\/kamadozona.eu\/lt\/wp-json\/wp\/v2\/product\/1170","targetHints":{"allow":["GET"]}}],"collection":[{"href":"https:\/\/kamadozona.eu\/lt\/wp-json\/wp\/v2\/product"}],"about":[{"href":"https:\/\/kamadozona.eu\/lt\/wp-json\/wp\/v2\/types\/product"}],"wp:featuredmedia":[{"embeddable":true,"href":"https:\/\/kamadozona.eu\/lt\/wp-json\/wp\/v2\/media\/1160"}],"wp:attachment":[{"href":"https:\/\/kamadozona.eu\/lt\/wp-json\/wp\/v2\/media?parent=1170"}],"wp:term":[{"taxonomy":"product_brand","embeddable":true,"href":"https:\/\/kamadozona.eu\/lt\/wp-json\/wp\/v2\/product_brand?post=1170"},{"taxonomy":"product_cat","embeddable":true,"href":"https:\/\/kamadozona.eu\/lt\/wp-json\/wp\/v2\/product_cat?post=1170"},{"taxonomy":"product_tag","embeddable":true,"href":"https:\/\/kamadozona.eu\/lt\/wp-json\/wp\/v2\/product_tag?post=1170"}],"curies":[{"name":"wp","href":"https:\/\/api.w.org\/{rel}","templated":true}]}}