{"id":1171,"date":"2024-04-30T09:26:07","date_gmt":"2024-04-30T09:26:07","guid":{"rendered":"https:\/\/kamadozona.eu\/?post_type=product&#038;p=1171"},"modified":"2024-06-20T19:56:32","modified_gmt":"2024-06-20T19:56:32","slug":"pizza-baking-set-kamadoclub-pro-pro2-pro3","status":"publish","type":"product","link":"https:\/\/kamadozona.eu\/lt\/pizza-baking-set-kamadoclub-pro-pro2-pro3\/","title":{"rendered":"Picos kepimo rinkinys KamadoClub PRO\/PRO2\/PRO3"},"content":{"rendered":"<p class=\"s4\"><span class=\"s3\">Ar norite paruo\u0161ti tikr\u0105, skani\u0105, itali\u0161k\u0105 nuotrauk\u0105? Su KamadoClub picos kepimo akmeniu J\u016bs\u0173 vaizduot\u0117 virs tikru \u0161edevru, o paruo\u0161ta pica bus nuostabaus ir nepamir\u0161tamo skonio!<\/span><\/p>\n<p class=\"s4\"><span class=\"s3\">\u012esivaizduokite - kepate pic\u0105 ant picos kepimo akmens. J\u016bs\u0173 pica jau paruo\u0161ta ir laikas j\u0105 i\u0161imti. Kaip gi? Taip, teisingai, teisingai! Specialios picos li\u017e\u0117s pagalba. Pa\u0161aukite arba i\u0161imkite pic\u0105, miltinius patiekalus grei\u010diau ir patogiau! Papildomas privalumas - NUIMAMA rankena taupantiems viet\u0105!<\/span><\/p>\n<p class=\"s6\"><span class=\"s5\">Picos kepimo rinkinys KamadoClub susideda i\u0161:<\/span><\/p>\n<div class=\"s8\"><span class=\"s7\">- <\/span><span class=\"s3\">Picos kepimo akmuo 38 cm<\/span><\/div>\n<div class=\"s8\"><span class=\"s7\">- <\/span><span class=\"s3\">Picos li\u017e\u0117s KamadoClub PRO\/PRO 2<\/span><\/div>","protected":false},"excerpt":{"rendered":"<p>Ar norite paruo\u0161ti tikr\u0105, skani\u0105, itali\u0161k\u0105 nuotrauk\u0105? Su KamadoClub picos kepimo akmeniu J\u016bs\u0173 vaizduot\u0117 virs tikru \u0161edevru, o paruo\u0161ta pica bus nuostabaus ir nepamir\u0161tamo skonio! \u012esivaizduokite - kepate pic\u0105 ant picos kepimo akmens. J\u016bs\u0173 pica jau paruo\u0161ta ir laikas j\u0105 i\u0161imti. Kaip gi j\u016bs galite tai padaryti? Taip, teisingai, teisingai! Specialios picos li\u017e\u0117s pagalba. Pa\u0161aukite arba i\u0161imkite pic\u0105, miltinius patiekalus [...]<\/p>","protected":false},"featured_media":1161,"template":"","meta":[],"product_brand":[],"product_cat":[70],"product_tag":[],"class_list":{"0":"post-1171","1":"product","2":"type-product","3":"status-publish","4":"has-post-thumbnail","6":"product_cat-accessories","8":"first","9":"instock","10":"shipping-taxable","11":"purchasable","12":"product-type-simple"},"_links":{"self":[{"href":"https:\/\/kamadozona.eu\/lt\/wp-json\/wp\/v2\/product\/1171","targetHints":{"allow":["GET"]}}],"collection":[{"href":"https:\/\/kamadozona.eu\/lt\/wp-json\/wp\/v2\/product"}],"about":[{"href":"https:\/\/kamadozona.eu\/lt\/wp-json\/wp\/v2\/types\/product"}],"wp:featuredmedia":[{"embeddable":true,"href":"https:\/\/kamadozona.eu\/lt\/wp-json\/wp\/v2\/media\/1161"}],"wp:attachment":[{"href":"https:\/\/kamadozona.eu\/lt\/wp-json\/wp\/v2\/media?parent=1171"}],"wp:term":[{"taxonomy":"product_brand","embeddable":true,"href":"https:\/\/kamadozona.eu\/lt\/wp-json\/wp\/v2\/product_brand?post=1171"},{"taxonomy":"product_cat","embeddable":true,"href":"https:\/\/kamadozona.eu\/lt\/wp-json\/wp\/v2\/product_cat?post=1171"},{"taxonomy":"product_tag","embeddable":true,"href":"https:\/\/kamadozona.eu\/lt\/wp-json\/wp\/v2\/product_tag?post=1171"}],"curies":[{"name":"wp","href":"https:\/\/api.w.org\/{rel}","templated":true}]}}