{"id":1172,"date":"2024-04-30T09:26:08","date_gmt":"2024-04-30T09:26:08","guid":{"rendered":"https:\/\/kamadozona.eu\/?post_type=product&#038;p=1172"},"modified":"2024-06-20T18:32:44","modified_gmt":"2024-06-20T18:32:44","slug":"half-moon-heat-deflector-kamanoclub-pro-pro-2-38-cm","status":"publish","type":"product","link":"https:\/\/kamadozona.eu\/lt\/half-moon-heat-deflector-kamanoclub-pro-pro-2-38-cm\/","title":{"rendered":"Pusinis kar\u0161\u010dio deflektorius KamadoClub PRO\/PRO 2, 38 cm"},"content":{"rendered":"<p class=\"s5\"><span class=\"s3\">Profesional\u016bs \u0161efai \u017eino, kad tradicinis kepimas ir r\u016bkymas yra ne vieninteliai b\u016bdai paruo\u0161ti maist\u0105 ant \u017earij\u0173. Su KamadoClub kepsnine gal\u0117site paruo\u0161ti visk\u0105: tra\u0161ki\u0105 vi\u0161tien\u0105, kept\u0105 bei r\u016bkyt\u0105 kalakut\u0105, skrudintas dar\u017eoves ir daug kit\u0173 patiekal\u0173. Ir visa tai d\u0117ka speciali\u0173 KamadoClub pried\u0173! Auk\u0161tos kokyb\u0117s KamadoClub pusinis kar\u0161\u010dio deflektorius leis eksperimentuoti su maistu. Keraminio kar\u0161\u010dio deflektoriaus paskirtis - apsaugoti maisto produktus nuo tiesiogin\u0117s kaitros. \u012ed\u0117kite pusin\u012f KamadoClub kar\u0161\u010dio deflektori\u0173 \u012f 2-j\u0173 zon\u0173 kepimo sistem\u0105 ir eksperimentuokite! Galite naudoti vien\u0105 pus\u0119 kar\u0161\u010dio deflektori\u0173, o kit\u0105, pvz;\u00a0<\/span><a href=\"https:\/\/www.kamadoclub.lt\/aksesuarai\/pusines-kamadoclub-pro-ketaus-groteles\" target=\"_blank\" rel=\"noopener\"><span class=\"s4\">pusines KamadoClub ketaus groteles<\/span><\/a><span class=\"s3\">! Rezultatai bus nepakartojami! Su KamadoClub pusiniu kar\u0161\u010dio deflektoriumu J\u016bs\u0173 patiekalai virs tikru, nepamir\u0161tamo skonio, \u0161edevru!<\/span><\/p>\n<p class=\"s5\"><span class=\"s7\">Pusinio KamadoClub kar\u0161\u010dio deflektoriaus ypatyb\u0117s:<\/span><\/p>\n<div class=\"s9\"><span class=\"s8\">- <\/span><span class=\"s3\">Auk\u0161tos kokyb\u0117s keramika<\/span><\/div>\n<div class=\"s9\"><span class=\"s8\">- <\/span><span class=\"s3\">Ilgaam\u017ei\u0161kumas<\/span><\/div>\n<div class=\"s9\"><span class=\"s8\">- <\/span><span class=\"s3\">Suderinamas su 2-j\u0173 zon\u0173 kepimo sistema<\/span><\/div>\n<p class=\"s5\"><span class=\"s3\">Teisingas kar\u0161\u010dio deflektori\u0173 eksploatavimas:<\/span><\/p>\n<p class=\"s5\"><span class=\"s3\">1. L\u0117tai kepant\/r\u016bkant riebesnius patiekalus ar didesn\u012f gabal\u0105 m\u0117sos\/\u017euvies, visada naudoti riebal\u0173 surinkimo ind\u0105 (taip i\u0161vengsite ir nemalonaus svilimo kvapo jiems degant, prailginsite deflektori\u0173 tarnavimo laik\u0105, i\u0161laikysite \u0161var\u0105 ir tvark\u0105 kepsnin\u0117je)<\/span><\/p>\n<p class=\"s5\"><span class=\"s3\">2. Nevynioti \u012f folij\u0105, o ja tik u\u017edengti. Arba sud\u0117jus kelis sluoksnius ir u\u017elenkiant kra\u0161tus, suformuoti improvizuot\u0105, vienkartin\u012f ind\u0105<\/span><\/p>\n<p class=\"s5\"><span class=\"s3\">3. Kaskart kepant, deflektorius apversti, kad ne\u0161vari pus\u0117 b\u016bt\u0173 atsukta \u012f kaitr\u0105 ir nudegt\u0173 (jei deflektoriai ypa\u010d stipriai apvarv\u0117j\u0119 riebalais, degant susidarys nemalonaus kvapo d\u016bmai. Kad to i\u0161vengti, vadovaukit\u0117s 1 punkto taisykle)<\/span><\/p>\n<p class=\"s5\"><span class=\"s3\">4. \u012ekaitusi\u0173 deflektori\u0173 neimkite kietomis \u017enypl\u0117mis, venkite sukr\u0117timo, nes kar\u0161ti jie ypa\u010d trap\u016bs. Naudokite kar\u0161\u010diui atsparias pir\u0161tines, jei b\u016btina juos i\u0161imti dar kar\u0161tus.<\/span><\/p>","protected":false},"excerpt":{"rendered":"<p>Profesional\u016bs \u0161efai \u017eino, kad tradicinis kepimas ir r\u016bkymas yra ne vieninteliai b\u016bdai paruo\u0161ti maist\u0105 ant \u017earij\u0173. Su KamadoClub kepsnine gal\u0117site paruo\u0161ti visk\u0105: tra\u0161ki\u0105 vi\u0161tien\u0105, kept\u0105 bei r\u016bkyt\u0105 kalakut\u0105, skrudintas dar\u017eoves ir daug kit\u0173 patiekal\u0173. Ir visa tai d\u0117ka speciali\u0173 KamadoClub pried\u0173! Auk\u0161tos kokyb\u0117s KamadoClub pusinis kar\u0161\u010dio deflektorius leis eksperimentuoti su maistu. Keraminio kar\u0161\u010dio deflektoriaus paskirtis - [...]<\/p>","protected":false},"featured_media":1162,"template":"","meta":[],"product_brand":[],"product_cat":[70],"product_tag":[],"class_list":{"0":"post-1172","1":"product","2":"type-product","3":"status-publish","4":"has-post-thumbnail","6":"product_cat-accessories","8":"first","9":"instock","10":"shipping-taxable","11":"purchasable","12":"product-type-simple"},"_links":{"self":[{"href":"https:\/\/kamadozona.eu\/lt\/wp-json\/wp\/v2\/product\/1172","targetHints":{"allow":["GET"]}}],"collection":[{"href":"https:\/\/kamadozona.eu\/lt\/wp-json\/wp\/v2\/product"}],"about":[{"href":"https:\/\/kamadozona.eu\/lt\/wp-json\/wp\/v2\/types\/product"}],"wp:featuredmedia":[{"embeddable":true,"href":"https:\/\/kamadozona.eu\/lt\/wp-json\/wp\/v2\/media\/1162"}],"wp:attachment":[{"href":"https:\/\/kamadozona.eu\/lt\/wp-json\/wp\/v2\/media?parent=1172"}],"wp:term":[{"taxonomy":"product_brand","embeddable":true,"href":"https:\/\/kamadozona.eu\/lt\/wp-json\/wp\/v2\/product_brand?post=1172"},{"taxonomy":"product_cat","embeddable":true,"href":"https:\/\/kamadozona.eu\/lt\/wp-json\/wp\/v2\/product_cat?post=1172"},{"taxonomy":"product_tag","embeddable":true,"href":"https:\/\/kamadozona.eu\/lt\/wp-json\/wp\/v2\/product_tag?post=1172"}],"curies":[{"name":"wp","href":"https:\/\/api.w.org\/{rel}","templated":true}]}}