{"id":1173,"date":"2024-04-30T09:50:26","date_gmt":"2024-04-30T09:50:26","guid":{"rendered":"https:\/\/kamadozona.eu\/?post_type=product&#038;p=1173"},"modified":"2024-06-20T18:08:43","modified_gmt":"2024-06-20T18:08:43","slug":"cast-iron-grates-kamadoclub-pro-pro2-pro3-set","status":"publish","type":"product","link":"https:\/\/kamadozona.eu\/lt\/cast-iron-grates-kamadoclub-pro-pro2-pro3-set\/","title":{"rendered":"Ketaus groteli\u0173 KamadoClub PRO\/PRO2\/PRO3 komplektas"},"content":{"rendered":"<p class=\"s4\"><span class=\"s3\">Auk\u0161tos kokyb\u0117s KamadoClub pusin\u0117s ketaus grotel\u0117s suteiks maistui ypating\u0105 skon\u012f!  Pusin\u0117s atviros grotel\u0117s skirtos plonesniems m\u0117sos gabalams, kepsniams, vi\u0161tienai - kepimui ant atviros kaitros.<\/span><\/p>\n<p class=\"s4\"><span class=\"s3\">Tai puikus priedas J\u016bs\u0173 turimai PRO ar PRO 2 kepsninei. Ketaus groteli\u0173 pavir\u0161ius i\u0161lieka kar\u0161tas ant jo u\u017ed\u0117jus kepsn\u012f ar dar\u017eoves. Taip i\u0161gaunamas gra\u017eus nepriekai\u0161tingas ra\u0161tas, o patiekalai i\u0161kepa grei\u010diau. Su KamadoClub ketaus grotel\u0117mis J\u016bs\u0173 patiekalai virs tikru, nepamir\u0161tamo skonio, \u0161edevru!<\/span><\/p>\n<p class=\"s6\"><span class=\"s5\">Pusini\u0173 ketaus groteli\u0173 KamadoClub komplekt\u0105 sudaro:<\/span><\/p>\n<div class=\"s8\"><span class=\"s7\">- <\/span><span class=\"s3\">2 x pusin\u0117s atviros ketaus grotel\u0117s<\/span><\/div>","protected":false},"excerpt":{"rendered":"<p>Auk\u0161tos kokyb\u0117s KamadoClub pusin\u0117s ketaus grotel\u0117s suteiks maistui ypating\u0105 skon\u012f!  Pusin\u0117s atviros grotel\u0117s skirtos plonesniems m\u0117sos gabalams, kepsniams, vi\u0161tienai - kepimui ant atviros kaitros. Tai puikus priedas J\u016bs\u0173 turimai PRO ar PRO 2 kepsninei. Ketaus groteli\u0173 pavir\u0161ius i\u0161lieka kar\u0161tas ant jo u\u017ed\u0117jus kepsn\u012f ar dar\u017eoves. Taip i\u0161gaunamas gra\u017eus nepriekai\u0161tingas ra\u0161tas, o patiekalai i\u0161kepa grei\u010diau. Su [...]<\/p>","protected":false},"featured_media":1163,"template":"","meta":[],"product_brand":[],"product_cat":[70],"product_tag":[],"class_list":{"0":"post-1173","1":"product","2":"type-product","3":"status-publish","4":"has-post-thumbnail","6":"product_cat-accessories","8":"first","9":"instock","10":"shipping-taxable","11":"purchasable","12":"product-type-simple"},"_links":{"self":[{"href":"https:\/\/kamadozona.eu\/lt\/wp-json\/wp\/v2\/product\/1173","targetHints":{"allow":["GET"]}}],"collection":[{"href":"https:\/\/kamadozona.eu\/lt\/wp-json\/wp\/v2\/product"}],"about":[{"href":"https:\/\/kamadozona.eu\/lt\/wp-json\/wp\/v2\/types\/product"}],"wp:featuredmedia":[{"embeddable":true,"href":"https:\/\/kamadozona.eu\/lt\/wp-json\/wp\/v2\/media\/1163"}],"wp:attachment":[{"href":"https:\/\/kamadozona.eu\/lt\/wp-json\/wp\/v2\/media?parent=1173"}],"wp:term":[{"taxonomy":"product_brand","embeddable":true,"href":"https:\/\/kamadozona.eu\/lt\/wp-json\/wp\/v2\/product_brand?post=1173"},{"taxonomy":"product_cat","embeddable":true,"href":"https:\/\/kamadozona.eu\/lt\/wp-json\/wp\/v2\/product_cat?post=1173"},{"taxonomy":"product_tag","embeddable":true,"href":"https:\/\/kamadozona.eu\/lt\/wp-json\/wp\/v2\/product_tag?post=1173"}],"curies":[{"name":"wp","href":"https:\/\/api.w.org\/{rel}","templated":true}]}}