{"id":1174,"date":"2024-04-30T09:50:28","date_gmt":"2024-04-30T09:50:28","guid":{"rendered":"https:\/\/kamadozona.eu\/?post_type=product&#038;p=1174"},"modified":"2024-06-20T17:50:58","modified_gmt":"2024-06-20T17:50:58","slug":"rotisserie-set-kamadoclub","status":"publish","type":"product","link":"https:\/\/kamadozona.eu\/lt\/rotisserie-set-kamadoclub\/","title":{"rendered":"Rotisserie rinkinys KamadoClub"},"content":{"rendered":"<p class=\"s4\"><span class=\"s3\">Rotisserie - elektrinis ie\u0161mas, skirtas \u012fvairiems kepimams. Tolygiai besisukan\u010dio ie\u0161mo pagalba gal\u0117site i\u0161sikepti vi\u0161\u010diukus, kebabus, didesnius m\u0117sos gabalus. Elektros pagalba ie\u0161mas sukasi savaime. Taip pat, galite nustatyti atbulin\u0117s eigos re\u017eim\u0105.<\/span><\/p>\n<p class=\"s4\"><span class=\"s3\">Ner\u016bdijan\u010dio plieno ie\u0161m\u0173 sistema, skirta \"Rotisserie. Skirta esamai Rotisserie su 8 mm kvadratiniu centriniu ie\u0161mu \/ strypu. Tiesiog u\u017emaukite 2 galines plok\u0161teles ant ie\u0161mo \/ strypo ir pritvirtinkite ie\u0161melius.<\/span><\/p>\n<p class=\"s4\"><span class=\"s3\">Puikiai tinka smulkiems ar smulkiai supjaustytiems patiekalams ruo\u0161ti, pavyzd\u017eiui, j\u016bros g\u0117ryb\u0117ms, vi\u0161tienos sparneliams, dar\u017eov\u0117ms, gruzdintoms bulvyt\u0117ms ir t.t. Sukamasis veiksmas u\u017etikrins, kad maistas ir dar\u017eov\u0117s b\u016bt\u0173 tolygiai ir visi\u0161kai i\u0161kep\u0119, ir likt\u0173 sultingi, tra\u0161k\u016bs ir mink\u0161ti.<\/span><\/p>\n<p class=\"s6\"><span class=\"s5\">otisserie skrudinimo rinkinys KamadoClub susideda i\u0161:<\/span><\/p>\n<div class=\"s8\"><span class=\"s7\">- <\/span><span class=\"s3\">Rotacin\u0117 elektrinio ie\u0161mo<\/span><\/div>\n<div class=\"s8\"><span class=\"s7\">- <\/span><span class=\"s3\">6 ie\u0161m\u0173 sistemos<\/span><\/div>\n<div class=\"s8\"><span class=\"s7\">- <\/span><span class=\"s3\">Skrudinimo krep\u0161io<\/span><\/div>","protected":false},"excerpt":{"rendered":"<p>Rotisserie - elektrinis ie\u0161mas, skirtas \u012fvairiems kepimams. Tolygiai besisukan\u010dio ie\u0161mo pagalba gal\u0117site i\u0161sikepti vi\u0161\u010diukus, kebabus, didesnius m\u0117sos gabalus. Elektros pagalba ie\u0161mas sukasi savaime. Taip pat, galite nustatyti atbulin\u0117s eigos re\u017eim\u0105. Ner\u016bdijan\u010dio plieno ie\u0161m\u0173 sistema, skirta \"Rotisserie. Skirta esamai Rotisserie su 8 mm kvadratiniu centriniu ie\u0161mu \/ strypu. Tiesiog u\u017emaukite 2 galines plok\u0161teles ant ie\u0161mo \/ [...]<\/p>","protected":false},"featured_media":1164,"template":"","meta":[],"product_brand":[],"product_cat":[70],"product_tag":[],"class_list":{"0":"post-1174","1":"product","2":"type-product","3":"status-publish","4":"has-post-thumbnail","6":"product_cat-accessories","8":"first","9":"instock","10":"shipping-taxable","11":"purchasable","12":"product-type-simple"},"_links":{"self":[{"href":"https:\/\/kamadozona.eu\/lt\/wp-json\/wp\/v2\/product\/1174","targetHints":{"allow":["GET"]}}],"collection":[{"href":"https:\/\/kamadozona.eu\/lt\/wp-json\/wp\/v2\/product"}],"about":[{"href":"https:\/\/kamadozona.eu\/lt\/wp-json\/wp\/v2\/types\/product"}],"wp:featuredmedia":[{"embeddable":true,"href":"https:\/\/kamadozona.eu\/lt\/wp-json\/wp\/v2\/media\/1164"}],"wp:attachment":[{"href":"https:\/\/kamadozona.eu\/lt\/wp-json\/wp\/v2\/media?parent=1174"}],"wp:term":[{"taxonomy":"product_brand","embeddable":true,"href":"https:\/\/kamadozona.eu\/lt\/wp-json\/wp\/v2\/product_brand?post=1174"},{"taxonomy":"product_cat","embeddable":true,"href":"https:\/\/kamadozona.eu\/lt\/wp-json\/wp\/v2\/product_cat?post=1174"},{"taxonomy":"product_tag","embeddable":true,"href":"https:\/\/kamadozona.eu\/lt\/wp-json\/wp\/v2\/product_tag?post=1174"}],"curies":[{"name":"wp","href":"https:\/\/api.w.org\/{rel}","templated":true}]}}