{"id":1543,"date":"2025-02-01T06:58:56","date_gmt":"2025-02-01T06:58:56","guid":{"rendered":"https:\/\/kamadozona.eu\/?post_type=product&#038;p=1543"},"modified":"2025-03-01T17:42:02","modified_gmt":"2025-03-01T17:42:02","slug":"module-l450","status":"publish","type":"product","link":"https:\/\/kamadozona.eu\/lt\/module-l450\/","title":{"rendered":"Module L450"},"content":{"rendered":"<p><strong>Juodasis metalas:<\/strong><br \/>\nR\u0117mas dengtas milteliniu b\u016bdu, profilio matmenys 35 \u00d7 35, sieneli\u0173 storis 2 mm.<br \/>\nReguliuojama koja yra da\u017eyta milteliniu b\u016bdu, profilio matmenys 35 \u00d7 35, sieneli\u0173 storis 2 mm, did\u017eiausias reguliuojamas auk\u0161tis 50 mm.<br \/>\nHandles L-400 are galvanized and \u00a0powder-coated, profile dimensions 20&#215;8 mm.<\/p>\n<p><strong>Cinkuota skarda:<\/strong><br \/>\nSide facades 1mm thick<br \/>\nRear facades facades 1mm thick<br \/>\nInternal shelves of cabinets 1mm thick<\/p>\n<p><strong>HPL fundermax max kompakti\u0161ka i\u0161orin\u0117 plok\u0161t\u0117:<\/strong><br \/>\nDur\u0173 fasadas<br \/>\nStal\u010diaus priekis<br \/>\n\u0160oniniai, galiniai fasadai (papildoma galimyb\u0117)<\/p>\n<div>\n<p><strong>Door hinges for outdoor conditions:<\/strong><br \/>\nSu \u0161velnaus u\u017edarymo sistema<\/p>\n<\/div>\n<p><strong>Granitas:<\/strong><br \/>\nGranito storis +\/-30 mm<br \/>\nSteel grey<\/p>","protected":false},"excerpt":{"rendered":"<p><strong>450mm(length) x 880mm(width) x 900mm(height)<\/strong><\/p>","protected":false},"featured_media":1702,"template":"","meta":[],"product_brand":[],"product_cat":[68],"product_tag":[103,47,48,49,50,51,52,53,54,62,55,56,57,60,58,59,61,64,63,65,66,114],"class_list":{"0":"post-1543","1":"product","2":"type-product","3":"status-publish","4":"has-post-thumbnail","6":"product_cat-outdoor-kitchen","7":"product_tag-k-n","8":"product_tag-lauko-aukstos-kokybes-virtuves","9":"product_tag-lauko-barbekiu-modulis","10":"product_tag-lauko-darbastalio-modulis","11":"product_tag-lauko-duju-kepsnynas","12":"product_tag-lauko-duju-virykle","13":"product_tag-lauko-kepimo-stotele","14":"product_tag-lauko-maisto-gaminimo-modulis","15":"product_tag-lauko-maisytuvas","16":"product_tag-lauko-saldytuvas","17":"product_tag-lauko-valgomoji-zona","18":"product_tag-lauko-virimo-stotele","19":"product_tag-lauko-virtuve","20":"product_tag-lauko-virtuves-iranga","21":"product_tag-lauko-virtuves-modulis","22":"product_tag-lauko-virtuves-priedai","23":"product_tag-lauko-virykle","24":"product_tag-moduline-virtuve","25":"product_tag-modulinis-lauko-virtuves-komplektas","26":"product_tag-virtuves-baldai","27":"product_tag-virtuves-komplektas","28":"product_tag-yes-no-grill","29":"product_shipping_class-k-iki-n","31":"first","32":"instock","33":"shipping-taxable","34":"purchasable","35":"product-type-simple"},"_links":{"self":[{"href":"https:\/\/kamadozona.eu\/lt\/wp-json\/wp\/v2\/product\/1543","targetHints":{"allow":["GET"]}}],"collection":[{"href":"https:\/\/kamadozona.eu\/lt\/wp-json\/wp\/v2\/product"}],"about":[{"href":"https:\/\/kamadozona.eu\/lt\/wp-json\/wp\/v2\/types\/product"}],"wp:featuredmedia":[{"embeddable":true,"href":"https:\/\/kamadozona.eu\/lt\/wp-json\/wp\/v2\/media\/1702"}],"wp:attachment":[{"href":"https:\/\/kamadozona.eu\/lt\/wp-json\/wp\/v2\/media?parent=1543"}],"wp:term":[{"taxonomy":"product_brand","embeddable":true,"href":"https:\/\/kamadozona.eu\/lt\/wp-json\/wp\/v2\/product_brand?post=1543"},{"taxonomy":"product_cat","embeddable":true,"href":"https:\/\/kamadozona.eu\/lt\/wp-json\/wp\/v2\/product_cat?post=1543"},{"taxonomy":"product_tag","embeddable":true,"href":"https:\/\/kamadozona.eu\/lt\/wp-json\/wp\/v2\/product_tag?post=1543"}],"curies":[{"name":"wp","href":"https:\/\/api.w.org\/{rel}","templated":true}]}}