{"id":1561,"date":"2025-02-09T08:06:40","date_gmt":"2025-02-09T08:06:40","guid":{"rendered":"https:\/\/kamadozona.eu\/?post_type=product&#038;p=1561"},"modified":"2025-03-20T17:49:25","modified_gmt":"2025-03-20T17:49:25","slug":"module-fr","status":"publish","type":"product","link":"https:\/\/kamadozona.eu\/lt\/module-fr\/","title":{"rendered":"Module FR"},"content":{"rendered":"<p><strong>Juodasis metalas:<\/strong><br \/>\nThe frame is powder-coated, profile dimensions 35&#215;35<br \/>\nThe adjustable leg is powder-coated, profile dimensions 35&#215;35, maximum adjustment height 50 mm.<\/p>\n<p><strong>Cinkuota skarda:<\/strong><br \/>\nSide facades 1mm thick<br \/>\nRear facades facades 1mm thick<\/p>\n<p><strong>HPL fundermax max kompakti\u0161ka i\u0161orin\u0117 plok\u0161t\u0117:<\/strong><br \/>\n\u0160oniniai, galiniai fasadai (papildoma galimyb\u0117)<\/p>\n<p><strong>Granitas:<\/strong><br \/>\nGranite thickness +\/-30 mm Steel grey<\/p>","protected":false},"excerpt":{"rendered":"<p><strong>Outdoor fridge kitchen Module FR<\/strong><\/p>\n<p class=\"p1\"><strong>510mm(length) x 880mm(width) x 900mm(height)<\/strong><\/p>\n<p>&nbsp;<\/p>","protected":false},"featured_media":1769,"template":"","meta":[],"product_brand":[],"product_cat":[68],"product_tag":[117,47,48,49,50,51,52,53,54,62,55,56,57,60,58,59,61,64,63,65,66],"class_list":{"0":"post-1561","1":"product","2":"type-product","3":"status-publish","4":"has-post-thumbnail","6":"product_cat-outdoor-kitchen","7":"product_tag-fridge-l-r","8":"product_tag-lauko-aukstos-kokybes-virtuves","9":"product_tag-lauko-barbekiu-modulis","10":"product_tag-lauko-darbastalio-modulis","11":"product_tag-lauko-duju-kepsnynas","12":"product_tag-lauko-duju-virykle","13":"product_tag-lauko-kepimo-stotele","14":"product_tag-lauko-maisto-gaminimo-modulis","15":"product_tag-lauko-maisytuvas","16":"product_tag-lauko-saldytuvas","17":"product_tag-lauko-valgomoji-zona","18":"product_tag-lauko-virimo-stotele","19":"product_tag-lauko-virtuve","20":"product_tag-lauko-virtuves-iranga","21":"product_tag-lauko-virtuves-modulis","22":"product_tag-lauko-virtuves-priedai","23":"product_tag-lauko-virykle","24":"product_tag-moduline-virtuve","25":"product_tag-modulinis-lauko-virtuves-komplektas","26":"product_tag-virtuves-baldai","27":"product_tag-virtuves-komplektas","28":"product_shipping_class-o-iki-p-nap","30":"first","31":"instock","32":"shipping-taxable","33":"purchasable","34":"product-type-simple"},"_links":{"self":[{"href":"https:\/\/kamadozona.eu\/lt\/wp-json\/wp\/v2\/product\/1561","targetHints":{"allow":["GET"]}}],"collection":[{"href":"https:\/\/kamadozona.eu\/lt\/wp-json\/wp\/v2\/product"}],"about":[{"href":"https:\/\/kamadozona.eu\/lt\/wp-json\/wp\/v2\/types\/product"}],"wp:featuredmedia":[{"embeddable":true,"href":"https:\/\/kamadozona.eu\/lt\/wp-json\/wp\/v2\/media\/1769"}],"wp:attachment":[{"href":"https:\/\/kamadozona.eu\/lt\/wp-json\/wp\/v2\/media?parent=1561"}],"wp:term":[{"taxonomy":"product_brand","embeddable":true,"href":"https:\/\/kamadozona.eu\/lt\/wp-json\/wp\/v2\/product_brand?post=1561"},{"taxonomy":"product_cat","embeddable":true,"href":"https:\/\/kamadozona.eu\/lt\/wp-json\/wp\/v2\/product_cat?post=1561"},{"taxonomy":"product_tag","embeddable":true,"href":"https:\/\/kamadozona.eu\/lt\/wp-json\/wp\/v2\/product_tag?post=1561"}],"curies":[{"name":"wp","href":"https:\/\/api.w.org\/{rel}","templated":true}]}}