{"id":265,"date":"2023-06-30T08:24:07","date_gmt":"2023-06-30T08:24:07","guid":{"rendered":"https:\/\/kamadozona.eu\/?post_type=product&#038;p=265"},"modified":"2024-06-20T06:33:39","modified_gmt":"2024-06-20T06:33:39","slug":"heat-resistant-gloves-kamadoclub-2-pcs","status":"publish","type":"product","link":"https:\/\/kamadozona.eu\/lt\/heat-resistant-gloves-kamadoclub-2-pcs\/","title":{"rendered":"Kar\u0161\u010diui atsparios pir\u0161tin\u0117s KamadoClub, 2 vnt"},"content":{"rendered":"<p><span class=\"s3\">Med\u017eiagin\u0117s, kar\u0161\u010diui atsparios pir\u0161tin\u0117s, kurios apsaugos rangas nuo kar\u0161to kepsnin\u0117s pavir\u0161iaus. KamadoClub pir\u0161tin\u0117s pagamintos i\u0161 itin kokybi\u0161k\u0173 med\u017eiag\u0173. Sud\u0117tyje yra naujausios kartos Deyan med\u017eiagos, gaminamos i\u0161 anglies pluo\u0161to, kuris pasi\u017eymi paslankumu, lankstumu, atsparumu ypa\u010d didelei kaitrai ir tiesioginiam s\u0105ly\u010diui su liepsna. Komplektacijoje - 2 vienetai.<\/span><\/p>\n<p>&nbsp;<\/p>\n<p class=\"s5\"><span class=\"s4\">KamadoClub pir\u0161tini\u0173 ypatyb\u0117s:<\/span><\/p>\n<div class=\"s8\"><span class=\"s6\">- <\/span><span class=\"s7\">Kar\u0161\u010diui atsparios pir\u0161tin\u0117s<\/span><\/div>\n<div class=\"s8\"><span class=\"s6\">- <\/span><span class=\"s7\">Atsparumas iki 500 C<\/span><\/div>\n<div class=\"s8\"><span class=\"s6\">- <\/span><span class=\"s7\">Medviln\u0117s, anglies pluo\u0161to ir silikono sud\u0117tis<\/span><\/div>\n<div class=\"s8\"><span class=\"s6\">- <\/span><span class=\"s7\">2 vnt. komplektacijoje<\/span><\/div>\n<p>&nbsp;<\/p>","protected":false},"excerpt":{"rendered":"<p>Med\u017eiagin\u0117s, kar\u0161\u010diui atsparios pir\u0161tin\u0117s, kurios apsaugos rangas nuo kar\u0161to kepsnin\u0117s pavir\u0161iaus. KamadoClub pir\u0161tin\u0117s pagamintos i\u0161 itin kokybi\u0161k\u0173 med\u017eiag\u0173. Sud\u0117tyje yra naujausios kartos Deyan med\u017eiagos, gaminamos i\u0161 anglies pluo\u0161to, kuris pasi\u017eymi paslankumu, lankstumu, atsparumu ypa\u010d didelei kaitrai ir tiesioginiam s\u0105ly\u010diui su liepsna. Komplektacijoje - 2 vienetai.   KamadoClub pir\u0161tini\u0173 ypatyb\u0117s: - Kar\u0161\u010diui atsparios pir\u0161tin\u0117s - Atsparumas iki [...]<\/p>","protected":false},"featured_media":1156,"template":"","meta":[],"product_brand":[],"product_cat":[70],"product_tag":[21,22,23,24,25,26,27,28,29,31,32,30,33,34,35,36,37,38,39],"class_list":{"0":"post-265","1":"product","2":"type-product","3":"status-publish","4":"has-post-thumbnail","6":"product_cat-accessories","7":"product_tag-barbekiu","8":"product_tag-bbq-grilis","9":"product_tag-grilio-priedai","10":"product_tag-grilis","11":"product_tag-gurmansko-kepimas","12":"product_tag-kamado-bono","13":"product_tag-kamado-grilis","14":"product_tag-kamado-kepimas","15":"product_tag-kepimas-ant-groteliu","16":"product_tag-kepimo-iranga","17":"product_tag-kepimo-irankiai","18":"product_tag-kepimo-priemones","19":"product_tag-keraminis-grilis","20":"product_tag-kiemas-kepimui","21":"product_tag-lauko-gyvenimas","22":"product_tag-lauko-kepimas","23":"product_tag-medzio-deginimas-grilis","24":"product_tag-nesiojamas-grilis","25":"product_tag-rukiklis","27":"first","28":"instock","29":"shipping-taxable","30":"purchasable","31":"product-type-simple"},"_links":{"self":[{"href":"https:\/\/kamadozona.eu\/lt\/wp-json\/wp\/v2\/product\/265","targetHints":{"allow":["GET"]}}],"collection":[{"href":"https:\/\/kamadozona.eu\/lt\/wp-json\/wp\/v2\/product"}],"about":[{"href":"https:\/\/kamadozona.eu\/lt\/wp-json\/wp\/v2\/types\/product"}],"wp:featuredmedia":[{"embeddable":true,"href":"https:\/\/kamadozona.eu\/lt\/wp-json\/wp\/v2\/media\/1156"}],"wp:attachment":[{"href":"https:\/\/kamadozona.eu\/lt\/wp-json\/wp\/v2\/media?parent=265"}],"wp:term":[{"taxonomy":"product_brand","embeddable":true,"href":"https:\/\/kamadozona.eu\/lt\/wp-json\/wp\/v2\/product_brand?post=265"},{"taxonomy":"product_cat","embeddable":true,"href":"https:\/\/kamadozona.eu\/lt\/wp-json\/wp\/v2\/product_cat?post=265"},{"taxonomy":"product_tag","embeddable":true,"href":"https:\/\/kamadozona.eu\/lt\/wp-json\/wp\/v2\/product_tag?post=265"}],"curies":[{"name":"wp","href":"https:\/\/api.w.org\/{rel}","templated":true}]}}