{"id":269,"date":"2023-06-30T08:24:10","date_gmt":"2023-06-30T08:24:10","guid":{"rendered":"https:\/\/kamadozona.eu\/?post_type=product&#038;p=269"},"modified":"2024-04-30T08:52:13","modified_gmt":"2024-04-30T08:52:13","slug":"pocket-thermometer-for-rapid-reading","status":"publish","type":"product","link":"https:\/\/kamadozona.eu\/lt\/pocket-thermometer-for-rapid-reading\/","title":{"rendered":"\"Inkbird ITH-1P"},"content":{"rendered":"<p class=\"s3\"><span class=\"s4\">Populiariausias termometras Kamado Bono klient\u0173 tarifas. Su \u0161iuo termometru vos per 3-5 sekundes pamatuosite patiekalo vidin\u0119 temperat\u016br\u0105. Tai itin greito nuskaitymo termometras, parodantis tiksli\u0105 temperat\u016br\u0105 (\u00b11\u00b0C tikslumu) ir turintis pla\u010dias matuojam\u0173 temperat\u016br\u0173 ribas -50~300\u00b0C. Matavimo rezultatai atvaizduojami ry\u0161kiame ir lengvai \u012fskaitomame \u0161vie\u010dian\u010diame ekrane. Termometras veikia su integruota Li\u010dio baterija, kuri yra pakraunama per USB jungt\u012f. Zond\u0105 gal\u0117site pasukti Jums reikiamu kampu iki 180 laipsni\u0173. Termometro nugar\u0117l\u0117je yra pritvirtintas magnetas, tod\u0117l j\u012f galima prilipdyti prie metalini\u0173 pavir\u0161i\u0173 (pvz., \u0161aldytuvo). Termometras yra atsparus vandeniui, tod\u0117l j\u012f galima laikyti lauke lyjant.<\/span><\/p>","protected":false},"excerpt":{"rendered":"<p>Populiariausias terminometras Kamado Bono klient\u0173 tarifas. Su \u0161iuo termometru vos per 3-5 sekundes pamatuosite patiekalo vidin\u0119 temperat\u016br\u0105. Tai itin greito nuskaitymo termometras, parodantis tiksli\u0105 temperat\u016br\u0105 (\u00b11\u00b0C tikslumu) ir turintis pla\u010dias matuojam\u0173 temperat\u016br\u0173 ribas -50~300\u00b0C. Matavimo rezultatai atvaizduojami ry\u0161kiame ir lengvai \u012fskaitomame \u0161vie\u010dian\u010diame ekrane. Termometras veikia su integruota Li\u010dio baterija, kuri yra pakraunama per USB jungt\u012f. [...]<\/p>","protected":false},"featured_media":271,"template":"","meta":[],"product_brand":[],"product_cat":[70],"product_tag":[21,22,23,24,25,26,27,28,29,31,32,30,33,34,35,36,37,38,39],"class_list":{"0":"post-269","1":"product","2":"type-product","3":"status-publish","4":"has-post-thumbnail","6":"product_cat-accessories","7":"product_tag-barbekiu","8":"product_tag-bbq-grilis","9":"product_tag-grilio-priedai","10":"product_tag-grilis","11":"product_tag-gurmansko-kepimas","12":"product_tag-kamado-bono","13":"product_tag-kamado-grilis","14":"product_tag-kamado-kepimas","15":"product_tag-kepimas-ant-groteliu","16":"product_tag-kepimo-iranga","17":"product_tag-kepimo-irankiai","18":"product_tag-kepimo-priemones","19":"product_tag-keraminis-grilis","20":"product_tag-kiemas-kepimui","21":"product_tag-lauko-gyvenimas","22":"product_tag-lauko-kepimas","23":"product_tag-medzio-deginimas-grilis","24":"product_tag-nesiojamas-grilis","25":"product_tag-rukiklis","27":"first","28":"instock","29":"shipping-taxable","30":"purchasable","31":"product-type-simple"},"_links":{"self":[{"href":"https:\/\/kamadozona.eu\/lt\/wp-json\/wp\/v2\/product\/269","targetHints":{"allow":["GET"]}}],"collection":[{"href":"https:\/\/kamadozona.eu\/lt\/wp-json\/wp\/v2\/product"}],"about":[{"href":"https:\/\/kamadozona.eu\/lt\/wp-json\/wp\/v2\/types\/product"}],"wp:featuredmedia":[{"embeddable":true,"href":"https:\/\/kamadozona.eu\/lt\/wp-json\/wp\/v2\/media\/271"}],"wp:attachment":[{"href":"https:\/\/kamadozona.eu\/lt\/wp-json\/wp\/v2\/media?parent=269"}],"wp:term":[{"taxonomy":"product_brand","embeddable":true,"href":"https:\/\/kamadozona.eu\/lt\/wp-json\/wp\/v2\/product_brand?post=269"},{"taxonomy":"product_cat","embeddable":true,"href":"https:\/\/kamadozona.eu\/lt\/wp-json\/wp\/v2\/product_cat?post=269"},{"taxonomy":"product_tag","embeddable":true,"href":"https:\/\/kamadozona.eu\/lt\/wp-json\/wp\/v2\/product_tag?post=269"}],"curies":[{"name":"wp","href":"https:\/\/api.w.org\/{rel}","templated":true}]}}