{"id":275,"date":"2023-06-27T08:27:26","date_gmt":"2023-06-27T08:27:26","guid":{"rendered":"https:\/\/kamadozona.eu\/product\/modulis-a\/"},"modified":"2025-03-11T20:04:34","modified_gmt":"2025-03-11T20:04:34","slug":"module-a","status":"publish","type":"product","link":"https:\/\/kamadozona.eu\/lt\/module-a\/","title":{"rendered":"A modulis"},"content":{"rendered":"<p><strong>Juodasis metalas:<\/strong><br \/>\nThe frame is powder-coated, profile dimensions 35\u00d735, wall thickness 2mm.<br \/>\nThe adjustable leg is powder-coated, profile dimensions 35\u00d735, wall thickness 2mm, maximum height adjustment 50 mm.<br \/>\nHandles L-400 are galvanized and powder-coated, profile dimensions 20\u00d78 mm.<\/p>\n<p><strong>Cinkuota skarda:<\/strong><br \/>\nSide facades 1mm thick<br \/>\nRear facades facades 1mm thick<br \/>\nInternal shelves of cabinets 1mm thick<br \/>\nDrawers 1.5mm thick<br \/>\nShelf \u2013 grill base 1.5 mm thick<br \/>\nGrill table top 1.5 mm thick<\/p>\n<p><strong>HPL fundermax max kompakti\u0161ka i\u0161orin\u0117 plok\u0161t\u0117:<\/strong><br \/>\nDur\u0173 fasadas<br \/>\nStal\u010diaus priekis<br \/>\n\u0160oniniai, galiniai fasadai (papildoma galimyb\u0117)<\/p>\n<p><strong>Lauko s\u0105lygoms skirti stal\u010di\u0173 b\u0117geliai:<\/strong><br \/>\n600 mm gylis, pilnas i\u0161traukimas<br \/>\nLoad 45 kg<br \/>\nCinkuota, da\u017eyta RAL9005<br \/>\nTemperat\u016bros diapazonas -20 \/ +70<\/p>\n<p><strong>Door hinges for outdoor conditions:<\/strong><br \/>\nSu \u0161velnaus u\u017edarymo sistema<\/p>\n<p><strong>Ratai:<\/strong><br \/>\nH100 bendras auk\u0161tis<br \/>\nCinkuota, da\u017eyta pagal RAL 9005<br \/>\nVieno rato apkrova 100 kg<\/p>\n<p><strong>Granitas:<\/strong><br \/>\nGranito storis +\/-30 mm<br \/>\nSteel grey \u2013 India<\/p>","protected":false},"excerpt":{"rendered":"<p class=\"p1\" style=\"text-align: left;\"><strong>1395 mm (ilgis) x 880 mm (plotis) x 900 mm (auk\u0161tis)<\/strong><\/p>\n<p class=\"p1\" style=\"text-align: left;\">Your own outdoor kitchen \u2013 very simple!<\/p>\n<p style=\"text-align: left;\">\u0160is kepsni\u0173 modulis yra vienas i\u0161 j\u016bs\u0173 m\u0117gstamiausi\u0173. Su u\u017edarais, funkcionaliais stal\u010diais, kad visi kepimui ant groteli\u0173 skirti priedai, o gal net indai lauko terasai rast\u0173 viet\u0105. KamadoZona lauko virtuv\u0117s modulius galima sujungti \u012f individuali\u0105 lauko virtuv\u0119, kurios \u012fvairius derinius idealiai pritaikysite savo terasai ar nam\u0173 sodui.<\/p>","protected":false},"featured_media":1588,"template":"","meta":[],"product_brand":[],"product_cat":[68],"product_tag":[47,48,49,50,51,52,53,54,62,55,56,57,60,58,59,61,64,63,104,65,66],"class_list":{"0":"post-275","1":"product","2":"type-product","3":"status-publish","4":"has-post-thumbnail","6":"product_cat-outdoor-kitchen","7":"product_tag-lauko-aukstos-kokybes-virtuves","8":"product_tag-lauko-barbekiu-modulis","9":"product_tag-lauko-darbastalio-modulis","10":"product_tag-lauko-duju-kepsnynas","11":"product_tag-lauko-duju-virykle","12":"product_tag-lauko-kepimo-stotele","13":"product_tag-lauko-maisto-gaminimo-modulis","14":"product_tag-lauko-maisytuvas","15":"product_tag-lauko-saldytuvas","16":"product_tag-lauko-valgomoji-zona","17":"product_tag-lauko-virimo-stotele","18":"product_tag-lauko-virtuve","19":"product_tag-lauko-virtuves-iranga","20":"product_tag-lauko-virtuves-modulis","21":"product_tag-lauko-virtuves-priedai","22":"product_tag-lauko-virykle","23":"product_tag-moduline-virtuve","24":"product_tag-modulinis-lauko-virtuves-komplektas","25":"product_tag-sets1","26":"product_tag-virtuves-baldai","27":"product_tag-virtuves-komplektas","28":"product_shipping_class-a-iki-j","30":"first","31":"instock","32":"shipping-taxable","33":"purchasable","34":"product-type-simple"},"_links":{"self":[{"href":"https:\/\/kamadozona.eu\/lt\/wp-json\/wp\/v2\/product\/275","targetHints":{"allow":["GET"]}}],"collection":[{"href":"https:\/\/kamadozona.eu\/lt\/wp-json\/wp\/v2\/product"}],"about":[{"href":"https:\/\/kamadozona.eu\/lt\/wp-json\/wp\/v2\/types\/product"}],"wp:featuredmedia":[{"embeddable":true,"href":"https:\/\/kamadozona.eu\/lt\/wp-json\/wp\/v2\/media\/1588"}],"wp:attachment":[{"href":"https:\/\/kamadozona.eu\/lt\/wp-json\/wp\/v2\/media?parent=275"}],"wp:term":[{"taxonomy":"product_brand","embeddable":true,"href":"https:\/\/kamadozona.eu\/lt\/wp-json\/wp\/v2\/product_brand?post=275"},{"taxonomy":"product_cat","embeddable":true,"href":"https:\/\/kamadozona.eu\/lt\/wp-json\/wp\/v2\/product_cat?post=275"},{"taxonomy":"product_tag","embeddable":true,"href":"https:\/\/kamadozona.eu\/lt\/wp-json\/wp\/v2\/product_tag?post=275"}],"curies":[{"name":"wp","href":"https:\/\/api.w.org\/{rel}","templated":true}]}}