{"id":355,"date":"2023-06-27T08:27:32","date_gmt":"2023-06-27T08:27:32","guid":{"rendered":"https:\/\/kamadozona.eu\/product\/modulis-k\/"},"modified":"2025-03-11T21:16:59","modified_gmt":"2025-03-11T21:16:59","slug":"module-k","status":"publish","type":"product","link":"https:\/\/kamadozona.eu\/lt\/module-k\/","title":{"rendered":"K modulis"},"content":{"rendered":"<p><strong>Juodasis metalas:<\/strong><br \/>\nR\u0117mas dengtas milteliniu b\u016bdu, profilio matmenys 35 \u00d7 35, sieneli\u0173 storis 2 mm.<br \/>\nReguliuojama koja yra da\u017eyta milteliniu b\u016bdu, profilio matmenys 35 \u00d7 35, sieneli\u0173 storis 2 mm, did\u017eiausias auk\u0161\u010dio reguliavimas 50 mm.<br \/>\nHandles L-400 are galvanized and powder-coated, profile dimensions 20&#215;8 mm.<\/p>\n<div>\n<p><strong>Cinkuota skarda:<\/strong><br \/>\nSide facades 1mm thick<br \/>\nRear facades facades 1mm thick<br \/>\nInternal shelves of cabinets 1mm thick<\/p>\n<\/div>\n<p><strong>HPL fundermax compact exterior panel:<\/strong><br \/>\nDur\u0173 fasadas<br \/>\n\u0160oniniai, galiniai fasadai (papildoma galimyb\u0117)<\/p>\n<div>\n<p><strong>Door hinges for outdoor conditions:<\/strong><br \/>\nSu \u0161velnaus u\u017edarymo sistema<\/p>\n<\/div>\n<p><strong>Kriaukl\u0117:<\/strong><br \/>\nNer\u016bdijantis plienas, grafito spalva 550x505 mm Dubens gylis 200 mm<\/p>\n<p><strong>The faucet:<\/strong><br \/>\nBrass faucet, coated in graphite color with retractable, flexible silicone hose.<\/p>\n<p><strong>Granitas:<\/strong><br \/>\nGranito storis +\/-30 mm<br \/>\nSteel grey<\/p>","protected":false},"excerpt":{"rendered":"<p class=\"p1\"><strong>715 mm (ilgis) x 880 mm (plotis) x 900 mm (auk\u0161tis)<\/strong><\/p>\n<p>J\u016bs\u0173 lauko virtuv\u0117 - labai paprasta!<br \/>\n\u0160iame modulyje yra virtuv\u0117s kriaukl\u0117, kad gaminti maist\u0105 b\u016bt\u0173 dar papras\u010diau. Prijungus \u0161\u012f modul\u012f, j\u016bs\u0173 lauko virtuv\u0117 taps dar artimesn\u0117 patogiai ir esteti\u0161kai nam\u0173 virtuvei. Modulis su spintele su u\u017edaromis lentynomis arba mobili\u0105ja vandens stotele (vandens stotel\u0119 galima u\u017esisakyti papildomai). KamadoZona lauko virtuv\u0117s modulius galima sujungti \u012f individuali\u0105 lauko virtuv\u0119, kurios \u012fvairius derinius idealiai pritaikysite savo terasoje ar nam\u0173 sode.<\/p>","protected":false},"featured_media":1660,"template":"","meta":[],"product_brand":[],"product_cat":[68],"product_tag":[47,48,49,50,51,52,53,54,62,55,56,57,60,58,59,61,64,63,126,65,66],"class_list":{"0":"post-355","1":"product","2":"type-product","3":"status-publish","4":"has-post-thumbnail","6":"product_cat-outdoor-kitchen","7":"product_tag-lauko-aukstos-kokybes-virtuves","8":"product_tag-lauko-barbekiu-modulis","9":"product_tag-lauko-darbastalio-modulis","10":"product_tag-lauko-duju-kepsnynas","11":"product_tag-lauko-duju-virykle","12":"product_tag-lauko-kepimo-stotele","13":"product_tag-lauko-maisto-gaminimo-modulis","14":"product_tag-lauko-maisytuvas","15":"product_tag-lauko-saldytuvas","16":"product_tag-lauko-valgomoji-zona","17":"product_tag-lauko-virimo-stotele","18":"product_tag-lauko-virtuve","19":"product_tag-lauko-virtuves-iranga","20":"product_tag-lauko-virtuves-modulis","21":"product_tag-lauko-virtuves-priedai","22":"product_tag-lauko-virykle","23":"product_tag-moduline-virtuve","24":"product_tag-modulinis-lauko-virtuves-komplektas","25":"product_tag-test","26":"product_tag-virtuves-baldai","27":"product_tag-virtuves-komplektas","28":"product_shipping_class-k-iki-n","30":"first","31":"instock","32":"shipping-taxable","33":"purchasable","34":"product-type-simple"},"_links":{"self":[{"href":"https:\/\/kamadozona.eu\/lt\/wp-json\/wp\/v2\/product\/355","targetHints":{"allow":["GET"]}}],"collection":[{"href":"https:\/\/kamadozona.eu\/lt\/wp-json\/wp\/v2\/product"}],"about":[{"href":"https:\/\/kamadozona.eu\/lt\/wp-json\/wp\/v2\/types\/product"}],"wp:featuredmedia":[{"embeddable":true,"href":"https:\/\/kamadozona.eu\/lt\/wp-json\/wp\/v2\/media\/1660"}],"wp:attachment":[{"href":"https:\/\/kamadozona.eu\/lt\/wp-json\/wp\/v2\/media?parent=355"}],"wp:term":[{"taxonomy":"product_brand","embeddable":true,"href":"https:\/\/kamadozona.eu\/lt\/wp-json\/wp\/v2\/product_brand?post=355"},{"taxonomy":"product_cat","embeddable":true,"href":"https:\/\/kamadozona.eu\/lt\/wp-json\/wp\/v2\/product_cat?post=355"},{"taxonomy":"product_tag","embeddable":true,"href":"https:\/\/kamadozona.eu\/lt\/wp-json\/wp\/v2\/product_tag?post=355"}],"curies":[{"name":"wp","href":"https:\/\/api.w.org\/{rel}","templated":true}]}}