{"id":379,"date":"2023-06-27T08:27:34","date_gmt":"2023-06-27T08:27:34","guid":{"rendered":"https:\/\/kamadozona.eu\/product\/modulis-n\/"},"modified":"2025-03-01T18:01:46","modified_gmt":"2025-03-01T18:01:46","slug":"module-n","status":"publish","type":"product","link":"https:\/\/kamadozona.eu\/lt\/module-n\/","title":{"rendered":"N modulis"},"content":{"rendered":"<p><strong>Juodasis metalas:<\/strong><br \/>\nR\u0117mas dengtas milteliniu b\u016bdu, profilio matmenys 35 \u00d7 35, sieneli\u0173 storis 2 mm.<br \/>\nReguliuojama koja yra da\u017eyta milteliniu b\u016bdu, profilio matmenys 35 \u00d7 35, sieneli\u0173 storis 2 mm, did\u017eiausias reguliuojamas auk\u0161tis 50 mm.<br \/>\nHandles L-400 are galvanized and powder-coated, profile dimensions 20&#215;8 mm.<\/p>\n<div>\n<p><strong>Cinkuota skarda:<\/strong><br \/>\nSide facades 1mm thick<br \/>\nRear facades facades 1mm thick<br \/>\nDrawers 1.5mm thick<br \/>\nShelf \u2013 grill base 1.5 mm thick<br \/>\nGrill table top 1.5 mm thick<\/p>\n<\/div>\n<p><strong>HPL fundermax compact exterior panel:<\/strong><br \/>\nDrawer front panel<br \/>\n\u0160oniniai, galiniai fasadai (papildoma galimyb\u0117)<\/p>\n<p><strong>Lauko s\u0105lygoms skirti stal\u010di\u0173 b\u0117geliai:<\/strong><br \/>\n600 mm gylis, pilnas i\u0161traukimas<br \/>\nLoad 45 kg<br \/>\nCinkuota, da\u017eyta RAL9005<br \/>\nTemperat\u016bros diapazonas -20 \/ +70<\/p>\n<p><strong>Granitas:<\/strong><br \/>\nGranito storis +\/-30 mm<br \/>\nSteel grey<\/p>","protected":false},"excerpt":{"rendered":"<p class=\"p1\"><strong>715 mm (ilgis) x 880 mm (plotis) x 900 mm (auk\u0161tis)<\/strong><\/p>\n<p>J\u016bs\u0173 lauko virtuv\u0117 - labai paprasta!<br \/>\n\u0160is vienintelis kepsnin\u0117s modulis yra vienas i\u0161 j\u016bs\u0173 m\u0117gstamiausi\u0173. U\u017edaruose, funkcionaliuose stal\u010diuose viet\u0105 ras visi kepsnin\u0117s reikmenys. KamadoZona lauko virtuv\u0117s modulius galima sujungti \u012f atskir\u0105 lauko virtuv\u0119, kurios \u012fvairius derinius idealiai pritaikysite savo terasoje ar nam\u0173 sode.<\/p>","protected":false},"featured_media":1710,"template":"","meta":[],"product_brand":[],"product_cat":[68],"product_tag":[103,47,48,49,50,51,52,53,54,62,55,56,57,60,58,59,61,64,63,107,65,66],"class_list":{"0":"post-379","1":"product","2":"type-product","3":"status-publish","4":"has-post-thumbnail","6":"product_cat-outdoor-kitchen","7":"product_tag-k-n","8":"product_tag-lauko-aukstos-kokybes-virtuves","9":"product_tag-lauko-barbekiu-modulis","10":"product_tag-lauko-darbastalio-modulis","11":"product_tag-lauko-duju-kepsnynas","12":"product_tag-lauko-duju-virykle","13":"product_tag-lauko-kepimo-stotele","14":"product_tag-lauko-maisto-gaminimo-modulis","15":"product_tag-lauko-maisytuvas","16":"product_tag-lauko-saldytuvas","17":"product_tag-lauko-valgomoji-zona","18":"product_tag-lauko-virimo-stotele","19":"product_tag-lauko-virtuve","20":"product_tag-lauko-virtuves-iranga","21":"product_tag-lauko-virtuves-modulis","22":"product_tag-lauko-virtuves-priedai","23":"product_tag-lauko-virykle","24":"product_tag-moduline-virtuve","25":"product_tag-modulinis-lauko-virtuves-komplektas","26":"product_tag-notop","27":"product_tag-virtuves-baldai","28":"product_tag-virtuves-komplektas","29":"product_shipping_class-k-iki-n","31":"first","32":"instock","33":"shipping-taxable","34":"purchasable","35":"product-type-simple"},"_links":{"self":[{"href":"https:\/\/kamadozona.eu\/lt\/wp-json\/wp\/v2\/product\/379","targetHints":{"allow":["GET"]}}],"collection":[{"href":"https:\/\/kamadozona.eu\/lt\/wp-json\/wp\/v2\/product"}],"about":[{"href":"https:\/\/kamadozona.eu\/lt\/wp-json\/wp\/v2\/types\/product"}],"wp:featuredmedia":[{"embeddable":true,"href":"https:\/\/kamadozona.eu\/lt\/wp-json\/wp\/v2\/media\/1710"}],"wp:attachment":[{"href":"https:\/\/kamadozona.eu\/lt\/wp-json\/wp\/v2\/media?parent=379"}],"wp:term":[{"taxonomy":"product_brand","embeddable":true,"href":"https:\/\/kamadozona.eu\/lt\/wp-json\/wp\/v2\/product_brand?post=379"},{"taxonomy":"product_cat","embeddable":true,"href":"https:\/\/kamadozona.eu\/lt\/wp-json\/wp\/v2\/product_cat?post=379"},{"taxonomy":"product_tag","embeddable":true,"href":"https:\/\/kamadozona.eu\/lt\/wp-json\/wp\/v2\/product_tag?post=379"}],"curies":[{"name":"wp","href":"https:\/\/api.w.org\/{rel}","templated":true}]}}