{"id":97,"date":"2023-06-30T08:24:09","date_gmt":"2023-06-30T08:24:09","guid":{"rendered":"https:\/\/kamadozona.eu\/?post_type=product&#038;p=97"},"modified":"2024-06-20T17:57:16","modified_gmt":"2024-06-20T17:57:16","slug":"electric-lighter-texas-club-lighter","status":"publish","type":"product","link":"https:\/\/kamadozona.eu\/lt\/electric-lighter-texas-club-lighter\/","title":{"rendered":"Elektrinis grilio u\u017edegiklis KamadoClub Lighter"},"content":{"rendered":"<div class=\"short_desc_vid\">\n<p class=\"s4\"><span class=\"s3\">Kas yra Club Lighter elektrinis u\u017edegiklis?<\/span><\/p>\n<p class=\"s4\"><span class=\"s5\">Club Lighter yra grei\u010diausiai u\u017edegantis angis ir \u012fkuriantis vis\u0105 gril\u012f elektrinis u\u017edegiklis. N\u0117ra jokios liepsnos ar duj\u0173, tik kar\u0161to ( 600C ) oro srautas, kuris \u012fdega med\u017eio angliu ir sutaupo J\u016bs\u0173 laik\u0105, kur\u012f galite skirti maisto kepimui. Club Lighter u\u017edegiklio panaudojimas universalus. Juo galite u\u017edegti medien\u0105, granules, briketus, pjuvenas. J\u012f galite naudoti lauko s\u0105lygomis arba vidaus - \u017eidiniui, krosnelei, kieto kuro katilui.<\/span><\/p>\n<p class=\"s4\"><span class=\"s6\">SAUGUMAS IR GREITIS<\/span><\/p>\n<p class=\"s4\"><span class=\"s5\">Jokios liepsnos, duj\u0173 ar chemini\u0173 med\u017eiag\u0173. Club Lighter elektrinis u\u017edegiklis naudoja tik kar\u0161t\u0105 or\u0105. Jis taip pat turi ir saug\u0173 korpus\u0105, kuris atv\u0117sta per kelet\u0105 sekund\u017ei\u0173 po naudojimo.<\/span><\/p>\n<p class=\"s4\"><span class=\"s6\">EKOLOGI\u0160KAS PRODUKTAS<\/span><\/p>\n<p class=\"s4\"><span class=\"s5\">Kiekvien\u0105 dien\u0105 visame pasaulyje \u017emon\u0117s sunaudoja didelius kiekius chemini\u0173 med\u017eiag\u0173, kad \u012fkurt\u0173 ugn\u012f. Club Lighter elektrinis u\u017edegiklis pad\u0117s tai atsisakyti. Nuo \u0161iol J\u016bs naudosite TIK labai kar\u0161to or\u0105 vietoj min\u0117t\u0173 chemikal\u0173. Daugiau joki\u0173 CO2, deginan\u010di\u0173 chemini\u0173 med\u017eiag\u0173 ir blogo kvapo prisig\u0117rusio maisto.<\/span><\/p>\n<p class=\"s4\"><span class=\"s6\">LAUKO IR VIDAUS S\u0104LYGOMIS<\/span><\/p>\n<p class=\"s4\"><span class=\"s5\">Club Lighter elektrin\u012f u\u017edegikl\u012f galite naudoti i\u0161tisus metus. Jei nem\u0117gstate gaminti maisto lauke \u017eiem\u0105, tuomet ne\u0161kite Club Lighter u\u017edegikl\u012f \u012f namus ir \u012fkurkite kieto kuro katil\u0105 ar \u017eidin\u012f vos per 60 sekund\u017ei\u0173.\u00a0<\/span><\/p>\n<p class=\"s4\"><span class=\"s3\">Elektrinio grilio u\u017edegiklio Club Lighter ypatyb\u0117s:<\/span><\/p>\n<div class=\"s10\"><span class=\"s9\">- <\/span><span class=\"s5\">2000 W galia<\/span><\/div>\n<div class=\"s10\"><span class=\"s9\">- <\/span><span class=\"s5\">3 metr\u0173 ilgio pad\u0117klai<\/span><\/div>\n<div class=\"s10\"><span class=\"s9\">- <\/span><span class=\"s5\">Korpuso apsauga nuo \u012fkaitinimo<\/span><\/div>\n<div class=\"s10\"><span class=\"s9\">- <\/span><span class=\"s5\">Auk\u0161ta, 600 C laipsni\u0173, temperat\u016bra<\/span><\/div>\n<div class=\"s10\"><span class=\"s9\">- <\/span><span class=\"s5\">22,8 cm ilgio antgalis<\/span><\/div>\n<div class=\"s10\"><span class=\"s9\">- <\/span><span class=\"s5\">U\u017ek\u016brimas iki 60 sekund\u017ei\u0173!<\/span><\/div>\n<div class=\"s10\"><span class=\"s9\">- <\/span><span class=\"s5\">Matmenys: ilgis 47,5 cm, plotis 6 cm, gylis 6 cm<\/span><\/div>\n<\/div>","protected":false},"excerpt":{"rendered":"<p>Kas yra Club Lighter elektrinis u\u017edegiklis? Club Lighter yra grei\u010diausiai u\u017edegantis angis ir \u012fkuriantis vis\u0105 gril\u012f elektrinis u\u017edegiklis. N\u0117ra jokios liepsnos ar duj\u0173, tik kar\u0161to ( 600C ) oro srautas, kuris \u012fdega med\u017eio angliu ir sutaupo J\u016bs\u0173 laik\u0105, kur\u012f galite skirti maisto kepimui. Club Lighter u\u017edegiklio panaudojimas universalus. Juo galite u\u017edegti medien\u0105, granules, briketus, pjuvenas. J\u012f galite naudoti lauko s\u0105lygomis arba [...]<\/p>","protected":false},"featured_media":1154,"template":"","meta":[],"product_brand":[],"product_cat":[70],"product_tag":[21,22,23,24,25,26,27,28,29,31,32,30,33,34,35,36,37,38,39],"class_list":{"0":"post-97","1":"product","2":"type-product","3":"status-publish","4":"has-post-thumbnail","6":"product_cat-accessories","7":"product_tag-barbekiu","8":"product_tag-bbq-grilis","9":"product_tag-grilio-priedai","10":"product_tag-grilis","11":"product_tag-gurmansko-kepimas","12":"product_tag-kamado-bono","13":"product_tag-kamado-grilis","14":"product_tag-kamado-kepimas","15":"product_tag-kepimas-ant-groteliu","16":"product_tag-kepimo-iranga","17":"product_tag-kepimo-irankiai","18":"product_tag-kepimo-priemones","19":"product_tag-keraminis-grilis","20":"product_tag-kiemas-kepimui","21":"product_tag-lauko-gyvenimas","22":"product_tag-lauko-kepimas","23":"product_tag-medzio-deginimas-grilis","24":"product_tag-nesiojamas-grilis","25":"product_tag-rukiklis","27":"first","28":"instock","29":"shipping-taxable","30":"purchasable","31":"product-type-simple"},"_links":{"self":[{"href":"https:\/\/kamadozona.eu\/lt\/wp-json\/wp\/v2\/product\/97","targetHints":{"allow":["GET"]}}],"collection":[{"href":"https:\/\/kamadozona.eu\/lt\/wp-json\/wp\/v2\/product"}],"about":[{"href":"https:\/\/kamadozona.eu\/lt\/wp-json\/wp\/v2\/types\/product"}],"wp:featuredmedia":[{"embeddable":true,"href":"https:\/\/kamadozona.eu\/lt\/wp-json\/wp\/v2\/media\/1154"}],"wp:attachment":[{"href":"https:\/\/kamadozona.eu\/lt\/wp-json\/wp\/v2\/media?parent=97"}],"wp:term":[{"taxonomy":"product_brand","embeddable":true,"href":"https:\/\/kamadozona.eu\/lt\/wp-json\/wp\/v2\/product_brand?post=97"},{"taxonomy":"product_cat","embeddable":true,"href":"https:\/\/kamadozona.eu\/lt\/wp-json\/wp\/v2\/product_cat?post=97"},{"taxonomy":"product_tag","embeddable":true,"href":"https:\/\/kamadozona.eu\/lt\/wp-json\/wp\/v2\/product_tag?post=97"}],"curies":[{"name":"wp","href":"https:\/\/api.w.org\/{rel}","templated":true}]}}